{"id":7865,"date":"2024-08-15T19:08:24","date_gmt":"2024-08-15T19:08:24","guid":{"rendered":"https:\/\/laeradigital.tech\/?post_type=product&#038;p=7865"},"modified":"2024-08-15T19:08:25","modified_gmt":"2024-08-15T19:08:25","slug":"reinvencion-educativa","status":"publish","type":"product","link":"https:\/\/laeradigital.tech\/en\/product\/reinvencion-educativa\/","title":{"rendered":"Educational reinvention"},"content":{"rendered":"<p data-sourcepos=\"28:1-28:67\"><strong>Reinvenci\u00f3n Educativa: Tu socio para el futuro de la educaci\u00f3n.<\/strong><\/p>\n<p data-sourcepos=\"30:1-30:287\">\u00bfEst\u00e1s listo para transformar tu instituci\u00f3n educativa? Nuestra consultor\u00eda te brinda las herramientas y el conocimiento necesarios para enfrentar los desaf\u00edos del siglo XXI. A trav\u00e9s de soluciones tecnol\u00f3gicas innovadoras y pedagog\u00edas adaptadas a las nuevas generaciones, te ayudamos a:<\/p>\n<ul data-sourcepos=\"32:1-33:100\">\n<li data-sourcepos=\"32:1-32:106\"><strong>Potenciar el aprendizaje:<\/strong> Desarrollamos experiencias de aprendizaje personalizadas y significativas.<\/li>\n<li data-sourcepos=\"33:1-33:100\"><strong>Preparar a tus estudiantes para el futuro:<\/strong> Fomentamos el pensamiento cr\u00edtico, la creatividad y las habilidades digitales.<\/li>\n<li data-sourcepos=\"34:1-34:112\"><strong>Optimizar tus procesos:<\/strong> Implementamos herramientas tecnol\u00f3gicas que agilizan la gesti\u00f3n y la comunicaci\u00f3n.<\/li>\n<li data-sourcepos=\"35:1-36:0\"><strong>Aumentar la eficiencia:<\/strong> Ahorra tiempo y recursos con nuestras soluciones a medida.<\/li>\n<\/ul>\n<p data-sourcepos=\"37:1-37:68\"><strong>\u00a1Cont\u00e1ctanos y descubre c\u00f3mo podemos transformar tu instituci\u00f3n!<\/strong><\/p>","protected":false},"excerpt":{"rendered":"<p>Reinvenci\u00f3n Educativa: Tu socio para el futuro de la educaci\u00f3n. \u00bfEst\u00e1s listo para transformar tu instituci\u00f3n educativa? Nuestra consultor\u00eda te brinda las herramientas y el conocimiento necesarios para enfrentar los desaf\u00edos del siglo XXI. A trav\u00e9s de soluciones tecnol\u00f3gicas innovadoras y pedagog\u00edas adaptadas a las nuevas generaciones, te ayudamos a: Potenciar el aprendizaje: Desarrollamos experiencias&hellip; <a class=\"continue\" href=\"https:\/\/laeradigital.tech\/en\/product\/reinvencion-educativa\/\">Continue Reading<span> Educational reinvention<\/span><\/a><\/p>","protected":false},"featured_media":7866,"comment_status":"open","ping_status":"closed","template":"","meta":{"inline_featured_image":false},"product_cat":[57],"product_tag":[],"class_list":{"0":"post-7865","1":"product","2":"type-product","3":"status-publish","4":"has-post-thumbnail","6":"product_cat-uncategorized","8":"first","9":"instock","10":"shipping-taxable","11":"product-type-simple"},"_links":{"self":[{"href":"https:\/\/laeradigital.tech\/en\/wp-json\/wp\/v2\/product\/7865","targetHints":{"allow":["GET"]}}],"collection":[{"href":"https:\/\/laeradigital.tech\/en\/wp-json\/wp\/v2\/product"}],"about":[{"href":"https:\/\/laeradigital.tech\/en\/wp-json\/wp\/v2\/types\/product"}],"replies":[{"embeddable":true,"href":"https:\/\/laeradigital.tech\/en\/wp-json\/wp\/v2\/comments?post=7865"}],"wp:featuredmedia":[{"embeddable":true,"href":"https:\/\/laeradigital.tech\/en\/wp-json\/wp\/v2\/media\/7866"}],"wp:attachment":[{"href":"https:\/\/laeradigital.tech\/en\/wp-json\/wp\/v2\/media?parent=7865"}],"wp:term":[{"taxonomy":"product_cat","embeddable":true,"href":"https:\/\/laeradigital.tech\/en\/wp-json\/wp\/v2\/product_cat?post=7865"},{"taxonomy":"product_tag","embeddable":true,"href":"https:\/\/laeradigital.tech\/en\/wp-json\/wp\/v2\/product_tag?post=7865"}],"curies":[{"name":"wp","href":"https:\/\/api.w.org\/{rel}","templated":true}]}}