{"id":7724,"date":"2024-08-14T22:31:41","date_gmt":"2024-08-14T22:31:41","guid":{"rendered":"https:\/\/laeradigital.tech\/?post_type=product&#038;p=7724"},"modified":"2024-08-15T18:56:46","modified_gmt":"2024-08-15T18:56:46","slug":"desarrollo-integral-de-negocios","status":"publish","type":"product","link":"https:\/\/laeradigital.tech\/en\/product\/desarrollo-integral-de-negocios\/","title":{"rendered":"Comprehensive Business Development"},"content":{"rendered":"<p data-sourcepos=\"9:1-9:73\"><strong>\u00bfTienes una gran idea de negocio?<\/strong> In <em class=\"\">La Era Digital<\/em>, te ayudamos a convertirla en una realidad. Nuestro servicio de Desarrollo Integral de Negocios te ofrece un acompa\u00f1amiento completo, desde la conceptualizaci\u00f3n hasta la implementaci\u00f3n:<\/p>\n<ul data-sourcepos=\"11:1-15:0\">\n<li data-sourcepos=\"11:1-11:74\"><strong>Desarrollo de marca:<\/strong> Creaci\u00f3n de nombre, logo y manual de identidad.<\/li>\n<li data-sourcepos=\"12:1-12:77\"><strong>Plan de negocios:<\/strong> Elaboraci\u00f3n de un plan estrat\u00e9gico s\u00f3lido y realista.<\/li>\n<li data-sourcepos=\"13:1-13:117\"><strong>Dise\u00f1o web y marketing digital:<\/strong> Creaci\u00f3n de una presencia online impactante y estrategias para captar clientes.<\/li>\n<li data-sourcepos=\"14:1-15:0\"><strong>Asesor\u00eda financiera:<\/strong> Gesti\u00f3n de tus finanzas y proyecci\u00f3n de crecimiento.<\/li>\n<\/ul>\n<p data-sourcepos=\"16:1-16:44\">\u00a1Convierte tu pasi\u00f3n en un negocio exitoso!<\/p>","protected":false},"excerpt":{"rendered":"<p>\u00bfTienes una gran idea de negocio? En La Era Digital, te ayudamos a convertirla en una realidad. Nuestro servicio de Desarrollo Integral de Negocios te ofrece un acompa\u00f1amiento completo, desde la conceptualizaci\u00f3n hasta la implementaci\u00f3n: Desarrollo de marca: Creaci\u00f3n de nombre, logo y manual de identidad. Plan de negocios: Elaboraci\u00f3n de un plan estrat\u00e9gico s\u00f3lido&hellip; <a class=\"continue\" href=\"https:\/\/laeradigital.tech\/en\/product\/desarrollo-integral-de-negocios\/\">Continue Reading<span> Comprehensive Business Development<\/span><\/a><\/p>","protected":false},"featured_media":7857,"comment_status":"open","ping_status":"closed","template":"","meta":{"inline_featured_image":false},"product_cat":[57],"product_tag":[],"class_list":{"0":"post-7724","1":"product","2":"type-product","3":"status-publish","4":"has-post-thumbnail","6":"product_cat-uncategorized","8":"first","9":"instock","10":"shipping-taxable","11":"product-type-simple"},"_links":{"self":[{"href":"https:\/\/laeradigital.tech\/en\/wp-json\/wp\/v2\/product\/7724","targetHints":{"allow":["GET"]}}],"collection":[{"href":"https:\/\/laeradigital.tech\/en\/wp-json\/wp\/v2\/product"}],"about":[{"href":"https:\/\/laeradigital.tech\/en\/wp-json\/wp\/v2\/types\/product"}],"replies":[{"embeddable":true,"href":"https:\/\/laeradigital.tech\/en\/wp-json\/wp\/v2\/comments?post=7724"}],"wp:featuredmedia":[{"embeddable":true,"href":"https:\/\/laeradigital.tech\/en\/wp-json\/wp\/v2\/media\/7857"}],"wp:attachment":[{"href":"https:\/\/laeradigital.tech\/en\/wp-json\/wp\/v2\/media?parent=7724"}],"wp:term":[{"taxonomy":"product_cat","embeddable":true,"href":"https:\/\/laeradigital.tech\/en\/wp-json\/wp\/v2\/product_cat?post=7724"},{"taxonomy":"product_tag","embeddable":true,"href":"https:\/\/laeradigital.tech\/en\/wp-json\/wp\/v2\/product_tag?post=7724"}],"curies":[{"name":"wp","href":"https:\/\/api.w.org\/{rel}","templated":true}]}}