{"id":7438,"date":"2024-07-28T00:46:38","date_gmt":"2024-07-28T00:46:38","guid":{"rendered":"https:\/\/laeradigital.tech\/?post_type=product&#038;p=7438"},"modified":"2024-08-08T19:32:15","modified_gmt":"2024-08-08T19:32:15","slug":"programacion-para-ninos","status":"publish","type":"product","link":"https:\/\/laeradigital.tech\/en\/product\/programacion-para-ninos\/","title":{"rendered":"Programming Course for Children (in English)"},"content":{"rendered":"<h2>Introduction to the Course<\/h2>\n<p align=\"justify\">This course is designed to provide children with the fundamental tools to learn programming from an early age. With an accessible and practical approach, we seek to familiarize students with key concepts while having fun.<\/p>\n<h2>Language of Classes<\/h2>\n<p align=\"justify\">The course classes will be taught in English, so it is necessary that students have basic knowledge of this language. This feature will not only help them understand the lessons better but also improve their English proficiency.<\/p>\n<h2>Course Benefits<\/h2>\n<p align=\"justify\">In addition to acquiring programming skills, children will develop problem-solving and logical thinking skills. Our practical methodology ensures an enriching and effective learning experience.<\/p>","protected":false},"excerpt":{"rendered":"<p>Introducci\u00f3n al Curso Este curso est\u00e1 dise\u00f1ado para proporcionar a los ni\u00f1os las herramientas fundamentales para aprender programaci\u00f3n desde una edad temprana. Con un enfoque accesible y pr\u00e1ctico, buscamos que los estudiantes se familiaricen con conceptos clave mientras se divierten. Idioma de las Clases Las clases del curso se impartir\u00e1n en ingl\u00e9s, por lo que&hellip; <a class=\"continue\" href=\"https:\/\/laeradigital.tech\/en\/product\/programacion-para-ninos\/\">Continue Reading<span> Programming Course for Children (in English)<\/span><\/a><\/p>","protected":false},"featured_media":7636,"comment_status":"open","ping_status":"closed","template":"","meta":{"inline_featured_image":false},"product_cat":[57],"product_tag":[],"class_list":{"0":"post-7438","1":"product","2":"type-product","3":"status-publish","4":"has-post-thumbnail","6":"product_cat-uncategorized","8":"first","9":"instock","10":"shipping-taxable","11":"product-type-simple"},"_links":{"self":[{"href":"https:\/\/laeradigital.tech\/en\/wp-json\/wp\/v2\/product\/7438","targetHints":{"allow":["GET"]}}],"collection":[{"href":"https:\/\/laeradigital.tech\/en\/wp-json\/wp\/v2\/product"}],"about":[{"href":"https:\/\/laeradigital.tech\/en\/wp-json\/wp\/v2\/types\/product"}],"replies":[{"embeddable":true,"href":"https:\/\/laeradigital.tech\/en\/wp-json\/wp\/v2\/comments?post=7438"}],"wp:featuredmedia":[{"embeddable":true,"href":"https:\/\/laeradigital.tech\/en\/wp-json\/wp\/v2\/media\/7636"}],"wp:attachment":[{"href":"https:\/\/laeradigital.tech\/en\/wp-json\/wp\/v2\/media?parent=7438"}],"wp:term":[{"taxonomy":"product_cat","embeddable":true,"href":"https:\/\/laeradigital.tech\/en\/wp-json\/wp\/v2\/product_cat?post=7438"},{"taxonomy":"product_tag","embeddable":true,"href":"https:\/\/laeradigital.tech\/en\/wp-json\/wp\/v2\/product_tag?post=7438"}],"curies":[{"name":"wp","href":"https:\/\/api.w.org\/{rel}","templated":true}]}}