{"id":7757,"date":"2024-08-14T22:54:38","date_gmt":"2024-08-14T22:54:38","guid":{"rendered":"https:\/\/laeradigital.tech\/?page_id=7757"},"modified":"2024-08-15T19:08:34","modified_gmt":"2024-08-15T19:08:34","slug":"reinvencion-educativa","status":"publish","type":"page","link":"https:\/\/laeradigital.tech\/en\/reinvencion-educativa\/","title":{"rendered":"Educational Reinvention"},"content":{"rendered":"<div data-elementor-type=\"wp-page\" data-elementor-id=\"7757\" class=\"elementor elementor-7757\">\n\t\t\t\t<div class=\"elementor-element elementor-element-2d70d86 e-flex e-con-boxed e-con e-parent\" data-id=\"2d70d86\" data-element_type=\"container\" data-e-type=\"container\">\n\t\t\t\t\t<div class=\"e-con-inner\">\n\t\t\t\t<div class=\"elementor-element elementor-element-41039f2 elementor-widget elementor-widget-heading\" data-id=\"41039f2\" data-element_type=\"widget\" data-e-type=\"widget\" data-widget_type=\"heading.default\">\n\t\t\t\t<div class=\"elementor-widget-container\">\n\t\t\t\t\t<h2 class=\"elementor-heading-title elementor-size-default\">Educational reinvention<\/h2>\t\t\t\t<\/div>\n\t\t\t\t<\/div>\n\t\t\t\t\t<\/div>\n\t\t\t\t<\/div>\n\t\t<div class=\"elementor-element elementor-element-7f8fcd5 e-flex e-con-boxed e-con e-parent\" data-id=\"7f8fcd5\" data-element_type=\"container\" data-e-type=\"container\">\n\t\t\t\t\t<div class=\"e-con-inner\">\n\t\t\t\t<div class=\"elementor-element elementor-element-5203896 elementor-widget-divider--view-line elementor-widget elementor-widget-divider\" data-id=\"5203896\" data-element_type=\"widget\" data-e-type=\"widget\" data-widget_type=\"divider.default\">\n\t\t\t\t<div class=\"elementor-widget-container\">\n\t\t\t\t\t\t\t<div class=\"elementor-divider\">\n\t\t\t<span class=\"elementor-divider-separator\">\n\t\t\t\t\t\t<\/span>\n\t\t<\/div>\n\t\t\t\t\t\t<\/div>\n\t\t\t\t<\/div>\n\t\t\t\t<div class=\"elementor-element elementor-element-d106d87 elementor-widget elementor-widget-text-editor\" data-id=\"d106d87\" data-element_type=\"widget\" data-e-type=\"widget\" data-widget_type=\"text-editor.default\">\n\t\t\t\t<div class=\"elementor-widget-container\">\n\t\t\t\t\t\t\t\t\t<p>The future of education is here, and in The Digital Age, we help schools not only confront it, but lead it. Our service <strong>Educational Reinvention<\/strong>\u00a0is designed to equip institutions with the tools and strategies necessary to adapt to artificial intelligence and other technological innovations.<\/p>\t\t\t\t\t\t\t\t<\/div>\n\t\t\t\t<\/div>\n\t\t\t\t\t<\/div>\n\t\t\t\t<\/div>\n\t\t<div class=\"elementor-element elementor-element-9b53e2f e-flex e-con-boxed e-con e-parent\" data-id=\"9b53e2f\" data-element_type=\"container\" data-e-type=\"container\">\n\t\t\t\t\t<div class=\"e-con-inner\">\n\t\t\t\t<div class=\"elementor-element elementor-element-2b2a1a0 elementor-widget elementor-widget-image\" data-id=\"2b2a1a0\" data-element_type=\"widget\" data-e-type=\"widget\" data-widget_type=\"image.default\">\n\t\t\t\t<div class=\"elementor-widget-container\">\n\t\t\t\t\t\t\t\t\t\t\t\t\t\t\t<img fetchpriority=\"high\" decoding=\"async\" width=\"780\" height=\"550\" src=\"https:\/\/laeradigital.tech\/wp-content\/uploads\/2024\/08\/La-Era-Digital-Reinvencion-Educativa-1024x722.jpg\" class=\"attachment-large size-large wp-image-7858\" alt=\"Una pizarra frente a una computadora port\u00e1til con gafas.\" srcset=\"https:\/\/laeradigital.tech\/wp-content\/uploads\/2024\/08\/La-Era-Digital-Reinvencion-Educativa-1024x722.jpg 1024w, https:\/\/laeradigital.tech\/wp-content\/uploads\/2024\/08\/La-Era-Digital-Reinvencion-Educativa-300x211.jpg 300w, https:\/\/laeradigital.tech\/wp-content\/uploads\/2024\/08\/La-Era-Digital-Reinvencion-Educativa-18x12.jpg 18w, https:\/\/laeradigital.tech\/wp-content\/uploads\/2024\/08\/La-Era-Digital-Reinvencion-Educativa-600x423.jpg 600w, https:\/\/laeradigital.tech\/wp-content\/uploads\/2024\/08\/La-Era-Digital-Reinvencion-Educativa.jpg 1280w\" sizes=\"(max-width: 780px) 100vw, 780px\" \/>\t\t\t\t\t\t\t\t\t\t\t\t\t\t\t<\/div>\n\t\t\t\t<\/div>\n\t\t\t\t\t<\/div>\n\t\t\t\t<\/div>\n\t\t<div class=\"elementor-element elementor-element-5e6c1ed e-flex e-con-boxed e-con e-parent\" data-id=\"5e6c1ed\" data-element_type=\"container\" data-e-type=\"container\">\n\t\t\t\t\t<div class=\"e-con-inner\">\n\t\t\t\t<div class=\"elementor-element elementor-element-a9f44bd elementor-widget-divider--view-line elementor-widget elementor-widget-divider\" data-id=\"a9f44bd\" data-element_type=\"widget\" data-e-type=\"widget\" data-widget_type=\"divider.default\">\n\t\t\t\t<div class=\"elementor-widget-container\">\n\t\t\t\t\t\t\t<div class=\"elementor-divider\">\n\t\t\t<span class=\"elementor-divider-separator\">\n\t\t\t\t\t\t<\/span>\n\t\t<\/div>\n\t\t\t\t\t\t<\/div>\n\t\t\t\t<\/div>\n\t\t\t\t\t<\/div>\n\t\t\t\t<\/div>\n\t\t<div class=\"elementor-element elementor-element-7c50e72 e-flex e-con-boxed e-con e-parent\" data-id=\"7c50e72\" data-element_type=\"container\" data-e-type=\"container\">\n\t\t\t\t\t<div class=\"e-con-inner\">\n\t\t\t\t<div class=\"elementor-element elementor-element-2ba36c9 elementor-widget elementor-widget-text-editor\" data-id=\"2ba36c9\" data-element_type=\"widget\" data-e-type=\"widget\" data-widget_type=\"text-editor.default\">\n\t\t\t\t<div class=\"elementor-widget-container\">\n\t\t\t\t\t\t\t\t\t<p>Our Services Include:<br \/>\u2022\u2060 \u2060AI Training: We train your staff to understand and use artificial intelligence in the educational environment.<br \/>\u2022\u2060 \u2060Reinvention Plans: We design personalized plans that prepare your school for the future, promoting resilience, adaptability and technological integration.<br \/>\u2022\u2060 \u2060Innovation in the Classroom: We help you implement innovative teaching methods that improve your students' learning experience.<\/p><p>Why Count on Us?<br \/>Because in an ever-changing world, it is essential that schools are prepared to adapt and thrive. With <strong>La Era Digital<\/strong>, your institution not only adapts, but reinvents itself, becoming a leader in the education of tomorrow<\/p>\t\t\t\t\t\t\t\t<\/div>\n\t\t\t\t<\/div>\n\t\t\t\t\t<\/div>\n\t\t\t\t<\/div>\n\t\t<div class=\"elementor-element elementor-element-fb48059 e-flex e-con-boxed e-con e-parent\" data-id=\"fb48059\" data-element_type=\"container\" data-e-type=\"container\">\n\t\t\t\t\t<div class=\"e-con-inner\">\n\t\t\t\t<div class=\"elementor-element elementor-element-70a9433 elementor-widget elementor-widget-button\" data-id=\"70a9433\" data-element_type=\"widget\" data-e-type=\"widget\" data-widget_type=\"button.default\">\n\t\t\t\t<div class=\"elementor-widget-container\">\n\t\t\t\t\t\t\t\t\t<div class=\"elementor-button-wrapper\">\n\t\t\t\t\t<a class=\"elementor-button elementor-button-link elementor-size-sm\" href=\"https:\/\/laeradigital.tech\/en\/product\/reinvencion-educativa\/\">\n\t\t\t\t\t\t<span class=\"elementor-button-content-wrapper\">\n\t\t\t\t\t\t\t\t\t<span class=\"elementor-button-text\">Request quote<\/span>\n\t\t\t\t\t<\/span>\n\t\t\t\t\t<\/a>\n\t\t\t\t<\/div>\n\t\t\t\t\t\t\t\t<\/div>\n\t\t\t\t<\/div>\n\t\t\t\t\t<\/div>\n\t\t\t\t<\/div>\n\t\t\t\t<\/div>","protected":false},"excerpt":{"rendered":"<p>Reinvenci\u00f3n educativa El futuro de la educaci\u00f3n est\u00e1 aqu\u00ed, y en La Era Digital, ayudamos a las escuelas a no solo enfrentarlo, sino a liderarlo. Nuestro servicio de Reinvenci\u00f3n Educativa\u00a0est\u00e1 dise\u00f1ado para equipar a las instituciones con las herramientas y estrategias necesarias para adaptarse a la inteligencia artificial y otras innovaciones tecnol\u00f3gicas. Nuestros Servicios Incluyen:\u2022\u2060&hellip; <a class=\"continue\" href=\"https:\/\/laeradigital.tech\/en\/reinvencion-educativa\/\">Continue Reading<span> Educational Reinvention<\/span><\/a><\/p>","protected":false},"author":1,"featured_media":0,"parent":0,"menu_order":0,"comment_status":"closed","ping_status":"closed","template":"","meta":{"inline_featured_image":false,"footnotes":""},"class_list":["post-7757","page","type-page","status-publish","hentry"],"_links":{"self":[{"href":"https:\/\/laeradigital.tech\/en\/wp-json\/wp\/v2\/pages\/7757","targetHints":{"allow":["GET"]}}],"collection":[{"href":"https:\/\/laeradigital.tech\/en\/wp-json\/wp\/v2\/pages"}],"about":[{"href":"https:\/\/laeradigital.tech\/en\/wp-json\/wp\/v2\/types\/page"}],"author":[{"embeddable":true,"href":"https:\/\/laeradigital.tech\/en\/wp-json\/wp\/v2\/users\/1"}],"replies":[{"embeddable":true,"href":"https:\/\/laeradigital.tech\/en\/wp-json\/wp\/v2\/comments?post=7757"}],"version-history":[{"count":18,"href":"https:\/\/laeradigital.tech\/en\/wp-json\/wp\/v2\/pages\/7757\/revisions"}],"predecessor-version":[{"id":7870,"href":"https:\/\/laeradigital.tech\/en\/wp-json\/wp\/v2\/pages\/7757\/revisions\/7870"}],"wp:attachment":[{"href":"https:\/\/laeradigital.tech\/en\/wp-json\/wp\/v2\/media?parent=7757"}],"curies":[{"name":"wp","href":"https:\/\/api.w.org\/{rel}","templated":true}]}}