{"id":7729,"date":"2024-08-14T22:37:51","date_gmt":"2024-08-14T22:37:51","guid":{"rendered":"https:\/\/laeradigital.tech\/?page_id=7729"},"modified":"2024-08-15T18:50:13","modified_gmt":"2024-08-15T18:50:13","slug":"asesoria-academica-y-cientifica","status":"publish","type":"page","link":"https:\/\/laeradigital.tech\/en\/asesoria-academica-y-cientifica\/","title":{"rendered":"Academic and scientific advice"},"content":{"rendered":"<div data-elementor-type=\"wp-page\" data-elementor-id=\"7729\" class=\"elementor elementor-7729\">\n\t\t\t\t<div class=\"elementor-element elementor-element-0d71530 e-flex e-con-boxed e-con e-parent\" data-id=\"0d71530\" data-element_type=\"container\" data-e-type=\"container\">\n\t\t\t\t\t<div class=\"e-con-inner\">\n\t\t\t\t<div class=\"elementor-element elementor-element-4008182 elementor-widget elementor-widget-heading\" data-id=\"4008182\" data-element_type=\"widget\" data-e-type=\"widget\" data-widget_type=\"heading.default\">\n\t\t\t\t<div class=\"elementor-widget-container\">\n\t\t\t\t\t<h2 class=\"elementor-heading-title elementor-size-default\">Academic and scientific advice<\/h2>\t\t\t\t<\/div>\n\t\t\t\t<\/div>\n\t\t\t\t\t<\/div>\n\t\t\t\t<\/div>\n\t\t<div class=\"elementor-element elementor-element-9816255 e-flex e-con-boxed e-con e-parent\" data-id=\"9816255\" data-element_type=\"container\" data-e-type=\"container\">\n\t\t\t\t\t<div class=\"e-con-inner\">\n\t\t\t\t<div class=\"elementor-element elementor-element-febea02 elementor-widget-divider--view-line elementor-widget elementor-widget-divider\" data-id=\"febea02\" data-element_type=\"widget\" data-e-type=\"widget\" data-widget_type=\"divider.default\">\n\t\t\t\t<div class=\"elementor-widget-container\">\n\t\t\t\t\t\t\t<div class=\"elementor-divider\">\n\t\t\t<span class=\"elementor-divider-separator\">\n\t\t\t\t\t\t<\/span>\n\t\t<\/div>\n\t\t\t\t\t\t<\/div>\n\t\t\t\t<\/div>\n\t\t\t\t\t<\/div>\n\t\t\t\t<\/div>\n\t\t<div class=\"elementor-element elementor-element-2b01f4e e-flex e-con-boxed e-con e-parent\" data-id=\"2b01f4e\" data-element_type=\"container\" data-e-type=\"container\">\n\t\t\t\t\t<div class=\"e-con-inner\">\n\t\t\t\t<div class=\"elementor-element elementor-element-623005d elementor-widget elementor-widget-text-editor\" data-id=\"623005d\" data-element_type=\"widget\" data-e-type=\"widget\" data-widget_type=\"text-editor.default\">\n\t\t\t\t<div class=\"elementor-widget-container\">\n\t\t\t\t\t\t\t\t\t<p>Personalized academic and scientific advice for fourth-level students and researchers. We accompany you throughout the entire process of your research, from choosing the topic to the final presentation. Preparation of degree works, theses, scientific articles and more<\/p>\t\t\t\t\t\t\t\t<\/div>\n\t\t\t\t<\/div>\n\t\t\t\t\t<\/div>\n\t\t\t\t<\/div>\n\t\t<div class=\"elementor-element elementor-element-5a55444 e-flex e-con-boxed e-con e-parent\" data-id=\"5a55444\" data-element_type=\"container\" data-e-type=\"container\">\n\t\t\t\t\t<div class=\"e-con-inner\">\n\t\t\t\t<div class=\"elementor-element elementor-element-2492e96 elementor-widget elementor-widget-image\" data-id=\"2492e96\" data-element_type=\"widget\" data-e-type=\"widget\" data-widget_type=\"image.default\">\n\t\t\t\t<div class=\"elementor-widget-container\">\n\t\t\t\t\t\t\t\t\t\t\t\t\t\t\t<img fetchpriority=\"high\" decoding=\"async\" width=\"780\" height=\"550\" src=\"https:\/\/laeradigital.tech\/wp-content\/uploads\/2024\/08\/La-Era-Digital-Asesoria-academica-1024x722.jpg\" class=\"attachment-large size-large wp-image-7853\" alt=\"Libros de la biblioteca mostrados en una computadora port\u00e1til y un dispositivo m\u00f3vil con auriculares.\" srcset=\"https:\/\/laeradigital.tech\/wp-content\/uploads\/2024\/08\/La-Era-Digital-Asesoria-academica-1024x722.jpg 1024w, https:\/\/laeradigital.tech\/wp-content\/uploads\/2024\/08\/La-Era-Digital-Asesoria-academica-300x211.jpg 300w, https:\/\/laeradigital.tech\/wp-content\/uploads\/2024\/08\/La-Era-Digital-Asesoria-academica-18x12.jpg 18w, https:\/\/laeradigital.tech\/wp-content\/uploads\/2024\/08\/La-Era-Digital-Asesoria-academica-600x423.jpg 600w, https:\/\/laeradigital.tech\/wp-content\/uploads\/2024\/08\/La-Era-Digital-Asesoria-academica.jpg 1280w\" sizes=\"(max-width: 780px) 100vw, 780px\" \/>\t\t\t\t\t\t\t\t\t\t\t\t\t\t\t<\/div>\n\t\t\t\t<\/div>\n\t\t\t\t\t<\/div>\n\t\t\t\t<\/div>\n\t\t<div class=\"elementor-element elementor-element-0d82575 e-flex e-con-boxed e-con e-parent\" data-id=\"0d82575\" data-element_type=\"container\" data-e-type=\"container\">\n\t\t\t\t\t<div class=\"e-con-inner\">\n\t\t\t\t<div class=\"elementor-element elementor-element-09c7cf0 elementor-widget elementor-widget-text-editor\" data-id=\"09c7cf0\" data-element_type=\"widget\" data-e-type=\"widget\" data-widget_type=\"text-editor.default\">\n\t\t\t\t<div class=\"elementor-widget-container\">\n\t\t\t\t\t\t\t\t\t<p data-sourcepos=\"9:1-9:96\"><strong>Do you need an expert guide for your research?<\/strong> We offer specialized academic and scientific advice for fourth-level students and independent researchers. We support you at every stage of your project:<\/p><ul data-sourcepos=\"11:1-15:91\"><li data-sourcepos=\"11:1-11:103\"><strong>Formulation of the research question:<\/strong> We help you define a clear and relevant problem.<\/li><li data-sourcepos=\"12:1-12:99\"><strong>Methodological design:<\/strong> We select the most appropriate tools and techniques for your study.<\/li><li data-sourcepos=\"13:1-13:89\"><strong>Literature review:<\/strong> We guide you in the search and analysis of reliable sources.<\/li><li data-sourcepos=\"14:1-14:104\"><strong>Data collection and analysis:<\/strong> We teach you how to collect and analyze your data rigorously.<\/li><li data-sourcepos=\"15:1-15:91\"><strong>Writing academic documents:<\/strong> We help you structure and write your degree projects, theses, scientific articles, among others.<\/li><\/ul><p data-sourcepos=\"17:1-17:98\"><strong>Our goal is for you to achieve academic success and contribute to the advancement of knowledge<\/strong><\/p>\t\t\t\t\t\t\t\t<\/div>\n\t\t\t\t<\/div>\n\t\t\t\t\t<\/div>\n\t\t\t\t<\/div>\n\t\t<div class=\"elementor-element elementor-element-9150a0e e-flex e-con-boxed e-con e-parent\" data-id=\"9150a0e\" data-element_type=\"container\" data-e-type=\"container\">\n\t\t\t\t\t<div class=\"e-con-inner\">\n\t\t\t\t<div class=\"elementor-element elementor-element-7a54300 elementor-widget elementor-widget-button\" data-id=\"7a54300\" data-element_type=\"widget\" data-e-type=\"widget\" data-widget_type=\"button.default\">\n\t\t\t\t<div class=\"elementor-widget-container\">\n\t\t\t\t\t\t\t\t\t<div class=\"elementor-button-wrapper\">\n\t\t\t\t\t<a class=\"elementor-button elementor-button-link elementor-size-sm\" href=\"https:\/\/laeradigital.tech\/en\/product\/asesoria-academica-y-cientifica\/\">\n\t\t\t\t\t\t<span class=\"elementor-button-content-wrapper\">\n\t\t\t\t\t\t\t\t\t<span class=\"elementor-button-text\">Request quote<\/span>\n\t\t\t\t\t<\/span>\n\t\t\t\t\t<\/a>\n\t\t\t\t<\/div>\n\t\t\t\t\t\t\t\t<\/div>\n\t\t\t\t<\/div>\n\t\t\t\t\t<\/div>\n\t\t\t\t<\/div>\n\t\t\t\t<\/div>","protected":false},"excerpt":{"rendered":"<p>Asesor\u00eda acad\u00e9mica y cient\u00edfica Asesor\u00eda acad\u00e9mica y cient\u00edfica personalizada para estudiantes de cuarto nivel y investigadores. Te acompa\u00f1amos en todo el proceso de tu investigaci\u00f3n, desde la elecci\u00f3n del tema hasta la presentaci\u00f3n final. Elaboraci\u00f3n de trabajos de grado, tesis, art\u00edculos cient\u00edficos y m\u00e1s \u00bfNecesitas un gu\u00eda experto para tu investigaci\u00f3n? Ofrecemos asesor\u00eda acad\u00e9mica y&hellip; <a class=\"continue\" href=\"https:\/\/laeradigital.tech\/en\/asesoria-academica-y-cientifica\/\">Continue Reading<span> Academic and scientific advice<\/span><\/a><\/p>","protected":false},"author":1,"featured_media":0,"parent":0,"menu_order":0,"comment_status":"closed","ping_status":"closed","template":"","meta":{"inline_featured_image":false,"footnotes":""},"class_list":["post-7729","page","type-page","status-publish","hentry"],"_links":{"self":[{"href":"https:\/\/laeradigital.tech\/en\/wp-json\/wp\/v2\/pages\/7729","targetHints":{"allow":["GET"]}}],"collection":[{"href":"https:\/\/laeradigital.tech\/en\/wp-json\/wp\/v2\/pages"}],"about":[{"href":"https:\/\/laeradigital.tech\/en\/wp-json\/wp\/v2\/types\/page"}],"author":[{"embeddable":true,"href":"https:\/\/laeradigital.tech\/en\/wp-json\/wp\/v2\/users\/1"}],"replies":[{"embeddable":true,"href":"https:\/\/laeradigital.tech\/en\/wp-json\/wp\/v2\/comments?post=7729"}],"version-history":[{"count":21,"href":"https:\/\/laeradigital.tech\/en\/wp-json\/wp\/v2\/pages\/7729\/revisions"}],"predecessor-version":[{"id":7856,"href":"https:\/\/laeradigital.tech\/en\/wp-json\/wp\/v2\/pages\/7729\/revisions\/7856"}],"wp:attachment":[{"href":"https:\/\/laeradigital.tech\/en\/wp-json\/wp\/v2\/media?parent=7729"}],"curies":[{"name":"wp","href":"https:\/\/api.w.org\/{rel}","templated":true}]}}