{"id":7720,"date":"2024-08-14T22:24:40","date_gmt":"2024-08-14T22:24:40","guid":{"rendered":"https:\/\/laeradigital.tech\/?page_id=7720"},"modified":"2024-08-15T18:44:01","modified_gmt":"2024-08-15T18:44:01","slug":"desarrollo-integral-de-negocios","status":"publish","type":"page","link":"https:\/\/laeradigital.tech\/en\/desarrollo-integral-de-negocios\/","title":{"rendered":"Comprehensive Business Development"},"content":{"rendered":"<div data-elementor-type=\"wp-page\" data-elementor-id=\"7720\" class=\"elementor elementor-7720\">\n\t\t\t\t<div class=\"elementor-element elementor-element-724fbdc e-flex e-con-boxed e-con e-parent\" data-id=\"724fbdc\" data-element_type=\"container\" data-e-type=\"container\">\n\t\t\t\t\t<div class=\"e-con-inner\">\n\t\t\t\t<div class=\"elementor-element elementor-element-604fc51 elementor-widget elementor-widget-heading\" data-id=\"604fc51\" data-element_type=\"widget\" data-e-type=\"widget\" data-widget_type=\"heading.default\">\n\t\t\t\t<div class=\"elementor-widget-container\">\n\t\t\t\t\t<h2 class=\"elementor-heading-title elementor-size-default\">Comprehensive Business Development<\/h2>\t\t\t\t<\/div>\n\t\t\t\t<\/div>\n\t\t\t\t\t<\/div>\n\t\t\t\t<\/div>\n\t\t<div class=\"elementor-element elementor-element-a1fa4db e-flex e-con-boxed e-con e-parent\" data-id=\"a1fa4db\" data-element_type=\"container\" data-e-type=\"container\">\n\t\t\t\t\t<div class=\"e-con-inner\">\n\t\t\t\t<div class=\"elementor-element elementor-element-666f57b elementor-widget-divider--view-line elementor-widget elementor-widget-divider\" data-id=\"666f57b\" data-element_type=\"widget\" data-e-type=\"widget\" data-widget_type=\"divider.default\">\n\t\t\t\t<div class=\"elementor-widget-container\">\n\t\t\t\t\t\t\t<div class=\"elementor-divider\">\n\t\t\t<span class=\"elementor-divider-separator\">\n\t\t\t\t\t\t<\/span>\n\t\t<\/div>\n\t\t\t\t\t\t<\/div>\n\t\t\t\t<\/div>\n\t\t\t\t\t<\/div>\n\t\t\t\t<\/div>\n\t\t<div class=\"elementor-element elementor-element-490f6c8 e-flex e-con-boxed e-con e-parent\" data-id=\"490f6c8\" data-element_type=\"container\" data-e-type=\"container\">\n\t\t\t\t\t<div class=\"e-con-inner\">\n\t\t\t\t<div class=\"elementor-element elementor-element-08efb05 elementor-widget elementor-widget-text-editor\" data-id=\"08efb05\" data-element_type=\"widget\" data-e-type=\"widget\" data-widget_type=\"text-editor.default\">\n\t\t\t\t<div class=\"elementor-widget-container\">\n\t\t\t\t\t\t\t\t\t<p>Comprehensive Business Development: From Idea to Execution<\/p><p>Do you have a great business idea, but don't know where to start? In The Digital Era, we transform your vision into a successful reality. Our service <strong>Comprehensive Business Development<\/strong> accompanies you at every stage of the process, from creating the name to designing marketing strategies that connect with your target audience.<\/p>\t\t\t\t\t\t\t\t<\/div>\n\t\t\t\t<\/div>\n\t\t\t\t\t<\/div>\n\t\t\t\t<\/div>\n\t\t<div class=\"elementor-element elementor-element-42fdb5b e-flex e-con-boxed e-con e-parent\" data-id=\"42fdb5b\" data-element_type=\"container\" data-e-type=\"container\">\n\t\t\t\t\t<div class=\"e-con-inner\">\n\t\t\t\t<div class=\"elementor-element elementor-element-e7f6966 elementor-widget elementor-widget-image\" data-id=\"e7f6966\" data-element_type=\"widget\" data-e-type=\"widget\" data-widget_type=\"image.default\">\n\t\t\t\t<div class=\"elementor-widget-container\">\n\t\t\t\t\t\t\t\t\t\t\t\t\t\t\t<img fetchpriority=\"high\" decoding=\"async\" width=\"780\" height=\"519\" src=\"https:\/\/laeradigital.tech\/wp-content\/uploads\/2024\/08\/La-Era-Digital-Desarrollo-Integral-de-Negocios-1024x682.jpg\" class=\"attachment-large size-large wp-image-7849\" alt=\"Una calculadora y un portaminas.\" srcset=\"https:\/\/laeradigital.tech\/wp-content\/uploads\/2024\/08\/La-Era-Digital-Desarrollo-Integral-de-Negocios-1024x682.jpg 1024w, https:\/\/laeradigital.tech\/wp-content\/uploads\/2024\/08\/La-Era-Digital-Desarrollo-Integral-de-Negocios-300x200.jpg 300w, https:\/\/laeradigital.tech\/wp-content\/uploads\/2024\/08\/La-Era-Digital-Desarrollo-Integral-de-Negocios-18x12.jpg 18w, https:\/\/laeradigital.tech\/wp-content\/uploads\/2024\/08\/La-Era-Digital-Desarrollo-Integral-de-Negocios-720x480.jpg 720w, https:\/\/laeradigital.tech\/wp-content\/uploads\/2024\/08\/La-Era-Digital-Desarrollo-Integral-de-Negocios-600x400.jpg 600w, https:\/\/laeradigital.tech\/wp-content\/uploads\/2024\/08\/La-Era-Digital-Desarrollo-Integral-de-Negocios.jpg 1280w\" sizes=\"(max-width: 780px) 100vw, 780px\" \/>\t\t\t\t\t\t\t\t\t\t\t\t\t\t\t<\/div>\n\t\t\t\t<\/div>\n\t\t\t\t\t<\/div>\n\t\t\t\t<\/div>\n\t\t<div class=\"elementor-element elementor-element-0ac923f e-flex e-con-boxed e-con e-parent\" data-id=\"0ac923f\" data-element_type=\"container\" data-e-type=\"container\">\n\t\t\t\t\t<div class=\"e-con-inner\">\n\t\t\t\t<div class=\"elementor-element elementor-element-ea53e55 elementor-widget elementor-widget-text-editor\" data-id=\"ea53e55\" data-element_type=\"widget\" data-e-type=\"widget\" data-widget_type=\"text-editor.default\">\n\t\t\t\t<div class=\"elementor-widget-container\">\n\t\t\t\t\t\t\t\t\t<p>What we do:<br \/>\u2022\u2060 \u2060Idea Development: We refine and perfect your concept, ensuring it resonates in the market.<br \/>\u2022\u2060 \u2060Strategic Planning: We create a strategic plan that establishes a solid foundation for your business, clearly defining mission, vision and objectives.<br \/>\u2022\u2060 \u2060Effective Marketing: We design marketing campaigns that capture the essence of your brand and drive it towards success.<br \/>\u2022\u2060 \u2060Business Reengineering: If your business needs a transformation, we optimize your processes and revitalize your brand so that it stands out again.<\/p><p>Why choose us?<br \/>With <strong>La Era Digital<\/strong>, you don't just get advice; you get a team committed to taking your idea to the next level. We turn concepts into viable and sustainable companies, ensuring that every step you take is aimed at growth and competitiveness.<\/p>\t\t\t\t\t\t\t\t<\/div>\n\t\t\t\t<\/div>\n\t\t\t\t\t<\/div>\n\t\t\t\t<\/div>\n\t\t<div class=\"elementor-element elementor-element-b5f415d e-flex e-con-boxed e-con e-parent\" data-id=\"b5f415d\" data-element_type=\"container\" data-e-type=\"container\">\n\t\t\t\t\t<div class=\"e-con-inner\">\n\t\t\t\t<div class=\"elementor-element elementor-element-cd78239 elementor-widget elementor-widget-button\" data-id=\"cd78239\" data-element_type=\"widget\" data-e-type=\"widget\" data-widget_type=\"button.default\">\n\t\t\t\t<div class=\"elementor-widget-container\">\n\t\t\t\t\t\t\t\t\t<div class=\"elementor-button-wrapper\">\n\t\t\t\t\t<a class=\"elementor-button elementor-button-link elementor-size-sm\" href=\"https:\/\/laeradigital.tech\/en\/product\/desarrollo-integral-de-negocios\/\">\n\t\t\t\t\t\t<span class=\"elementor-button-content-wrapper\">\n\t\t\t\t\t\t\t\t\t<span class=\"elementor-button-text\">Request quote<\/span>\n\t\t\t\t\t<\/span>\n\t\t\t\t\t<\/a>\n\t\t\t\t<\/div>\n\t\t\t\t\t\t\t\t<\/div>\n\t\t\t\t<\/div>\n\t\t\t\t\t<\/div>\n\t\t\t\t<\/div>\n\t\t\t\t<\/div>","protected":false},"excerpt":{"rendered":"<p>Desarrollo Integral de Negocios Desarrollo Integral de Negocios: De la Idea a la Ejecuci\u00f3n \u00bfTienes una gran idea de negocio, pero no sabes por d\u00f3nde empezar? En La Era Digital, transformamos tu visi\u00f3n en una realidad exitosa. Nuestro servicio de Desarrollo Integral de Negocios te acompa\u00f1a en cada etapa del proceso, desde la creaci\u00f3n del&hellip; <a class=\"continue\" href=\"https:\/\/laeradigital.tech\/en\/desarrollo-integral-de-negocios\/\">Continue Reading<span> Comprehensive Business Development<\/span><\/a><\/p>","protected":false},"author":1,"featured_media":0,"parent":0,"menu_order":0,"comment_status":"closed","ping_status":"closed","template":"","meta":{"inline_featured_image":false,"footnotes":""},"class_list":["post-7720","page","type-page","status-publish","hentry"],"_links":{"self":[{"href":"https:\/\/laeradigital.tech\/en\/wp-json\/wp\/v2\/pages\/7720","targetHints":{"allow":["GET"]}}],"collection":[{"href":"https:\/\/laeradigital.tech\/en\/wp-json\/wp\/v2\/pages"}],"about":[{"href":"https:\/\/laeradigital.tech\/en\/wp-json\/wp\/v2\/types\/page"}],"author":[{"embeddable":true,"href":"https:\/\/laeradigital.tech\/en\/wp-json\/wp\/v2\/users\/1"}],"replies":[{"embeddable":true,"href":"https:\/\/laeradigital.tech\/en\/wp-json\/wp\/v2\/comments?post=7720"}],"version-history":[{"count":15,"href":"https:\/\/laeradigital.tech\/en\/wp-json\/wp\/v2\/pages\/7720\/revisions"}],"predecessor-version":[{"id":7852,"href":"https:\/\/laeradigital.tech\/en\/wp-json\/wp\/v2\/pages\/7720\/revisions\/7852"}],"wp:attachment":[{"href":"https:\/\/laeradigital.tech\/en\/wp-json\/wp\/v2\/media?parent=7720"}],"curies":[{"name":"wp","href":"https:\/\/api.w.org\/{rel}","templated":true}]}}