{"id":7682,"date":"2024-08-14T21:26:54","date_gmt":"2024-08-14T21:26:54","guid":{"rendered":"https:\/\/laeradigital.tech\/?page_id=7682"},"modified":"2024-08-14T22:50:01","modified_gmt":"2024-08-14T22:50:01","slug":"one-and-done","status":"publish","type":"page","link":"https:\/\/laeradigital.tech\/en\/one-and-done\/","title":{"rendered":"One and Done"},"content":{"rendered":"<div data-elementor-type=\"wp-page\" data-elementor-id=\"7682\" class=\"elementor elementor-7682\">\n\t\t\t\t<div class=\"elementor-element elementor-element-7775c09 e-flex e-con-boxed e-con e-parent\" data-id=\"7775c09\" data-element_type=\"container\" data-e-type=\"container\">\n\t\t\t\t\t<div class=\"e-con-inner\">\n\t\t\t\t<div class=\"elementor-element elementor-element-64b7f05 elementor-widget elementor-widget-heading\" data-id=\"64b7f05\" data-element_type=\"widget\" data-e-type=\"widget\" data-widget_type=\"heading.default\">\n\t\t\t\t<div class=\"elementor-widget-container\">\n\t\t\t\t\t<h2 class=\"elementor-heading-title elementor-size-default\">One and Done<\/h2>\t\t\t\t<\/div>\n\t\t\t\t<\/div>\n\t\t\t\t\t<\/div>\n\t\t\t\t<\/div>\n\t\t<div class=\"elementor-element elementor-element-b64f018 e-flex e-con-boxed e-con e-parent\" data-id=\"b64f018\" data-element_type=\"container\" data-e-type=\"container\">\n\t\t\t\t\t<div class=\"e-con-inner\">\n\t\t\t\t<div class=\"elementor-element elementor-element-39c8f98 elementor-widget-divider--view-line elementor-widget elementor-widget-divider\" data-id=\"39c8f98\" data-element_type=\"widget\" data-e-type=\"widget\" data-widget_type=\"divider.default\">\n\t\t\t\t<div class=\"elementor-widget-container\">\n\t\t\t\t\t\t\t<div class=\"elementor-divider\">\n\t\t\t<span class=\"elementor-divider-separator\">\n\t\t\t\t\t\t<\/span>\n\t\t<\/div>\n\t\t\t\t\t\t<\/div>\n\t\t\t\t<\/div>\n\t\t\t\t\t<\/div>\n\t\t\t\t<\/div>\n\t\t<div class=\"elementor-element elementor-element-c23e395 e-flex e-con-boxed e-con e-parent\" data-id=\"c23e395\" data-element_type=\"container\" data-e-type=\"container\">\n\t\t\t\t\t<div class=\"e-con-inner\">\n\t\t\t\t<div class=\"elementor-element elementor-element-48f60bb elementor-widget elementor-widget-text-editor\" data-id=\"48f60bb\" data-element_type=\"widget\" data-e-type=\"widget\" data-widget_type=\"text-editor.default\">\n\t\t\t\t<div class=\"elementor-widget-container\">\n\t\t\t\t\t\t\t\t\t<p><span style=\"font-family: impact, sans-serif;\">One and Done<\/span>Express Training: Quick and Effective Training for Small Businesses.<\/p><p>In <strong>One and Done<\/strong>, we understand that time is one of the most valuable resources for small businesses. That's why we've designed quick and effective one-hour training sessions via Zoom, Teams or Meet that allow your employees to learn key skills without interrupting their workday.<\/p><p>Each session is designed for a maximum of 10 participants, ensuring personalized attention and the opportunity to ask questions in real time. We offer a wide variety of practical topics that can be implemented immediately in your business, such as:<\/p><p>\u2022\u2060 \u2060How to create a mail merge (<em>mail merge<\/em>) in <strong>Microsoft Word<\/strong>.<br \/>\u2022\u2060 \u2060Use of pivot tables and advanced formulas in <strong>Excel<\/strong>.<br \/>\u2022\u2060 \u2060Creation and management of <strong>campa\u00f1as<\/strong> in social media<br \/>\u2022\u2060 \u2060Use of the platform <strong>Square<\/strong> to process payments.<br \/>\u2022\u2060 Use of <strong>Canva<\/strong> for creative designs.<\/p>\t\t\t\t\t\t\t\t<\/div>\n\t\t\t\t<\/div>\n\t\t\t\t\t<\/div>\n\t\t\t\t<\/div>\n\t\t<div class=\"elementor-element elementor-element-69c31f9 e-flex e-con-boxed e-con e-parent\" data-id=\"69c31f9\" data-element_type=\"container\" data-e-type=\"container\">\n\t\t\t\t\t<div class=\"e-con-inner\">\n\t\t\t\t<div class=\"elementor-element elementor-element-15327e5 elementor-widget elementor-widget-image\" data-id=\"15327e5\" data-element_type=\"widget\" data-e-type=\"widget\" data-widget_type=\"image.default\">\n\t\t\t\t<div class=\"elementor-widget-container\">\n\t\t\t\t\t\t\t\t\t\t\t\t\t\t\t<img fetchpriority=\"high\" decoding=\"async\" width=\"768\" height=\"512\" src=\"data:image\/svg+xml;charset=utf-8,%3Csvg xmlns%3D&#039;http%3A%2F%2Fwww.w3.org%2F2000%2Fsvg&#039; viewBox%3D&#039;0 0 1600 1067&#039;%2F%3E\" class=\"attachment-medium_large size-medium_large wp-image-6304 ld-lazyload\" alt=\"\" data-src=\"https:\/\/laeradigital.tech\/wp-content\/uploads\/2024\/05\/marvin-meyer-SYTO3xs06fU-unsplash.jpg\" data-srcset=\"https:\/\/laeradigital.tech\/wp-content\/uploads\/2024\/05\/marvin-meyer-SYTO3xs06fU-unsplash.jpg 6000w, https:\/\/laeradigital.tech\/wp-content\/uploads\/2024\/05\/marvin-meyer-SYTO3xs06fU-unsplash-300x200.jpg 300w, https:\/\/laeradigital.tech\/wp-content\/uploads\/2024\/05\/marvin-meyer-SYTO3xs06fU-unsplash-1024x683.jpg 1024w, https:\/\/laeradigital.tech\/wp-content\/uploads\/2024\/05\/marvin-meyer-SYTO3xs06fU-unsplash-1536x1024.jpg 1536w, https:\/\/laeradigital.tech\/wp-content\/uploads\/2024\/05\/marvin-meyer-SYTO3xs06fU-unsplash-2048x1365.jpg 2048w, https:\/\/laeradigital.tech\/wp-content\/uploads\/2024\/05\/marvin-meyer-SYTO3xs06fU-unsplash-720x480.jpg 720w, https:\/\/laeradigital.tech\/wp-content\/uploads\/2024\/05\/marvin-meyer-SYTO3xs06fU-unsplash-18x12.jpg 18w, https:\/\/laeradigital.tech\/wp-content\/uploads\/2024\/05\/marvin-meyer-SYTO3xs06fU-unsplash-600x400.jpg 600w\" data-sizes=\"(max-width: 768px) 100vw, 768px\" data-aspect=\"1.4995313964386\" \/>\t\t\t\t\t\t\t\t\t\t\t\t\t\t\t<\/div>\n\t\t\t\t<\/div>\n\t\t\t\t\t<\/div>\n\t\t\t\t<\/div>\n\t\t<div class=\"elementor-element elementor-element-ca803fe e-flex e-con-boxed e-con e-parent\" data-id=\"ca803fe\" data-element_type=\"container\" data-e-type=\"container\">\n\t\t\t\t\t<div class=\"e-con-inner\">\n\t\t\t\t<div class=\"elementor-element elementor-element-226ac78 elementor-widget-divider--view-line elementor-widget elementor-widget-divider\" data-id=\"226ac78\" data-element_type=\"widget\" data-e-type=\"widget\" data-widget_type=\"divider.default\">\n\t\t\t\t<div class=\"elementor-widget-container\">\n\t\t\t\t\t\t\t<div class=\"elementor-divider\">\n\t\t\t<span class=\"elementor-divider-separator\">\n\t\t\t\t\t\t<\/span>\n\t\t<\/div>\n\t\t\t\t\t\t<\/div>\n\t\t\t\t<\/div>\n\t\t\t\t\t<\/div>\n\t\t\t\t<\/div>\n\t\t<div class=\"elementor-element elementor-element-9ceff5a e-flex e-con-boxed e-con e-parent\" data-id=\"9ceff5a\" data-element_type=\"container\" data-e-type=\"container\">\n\t\t\t\t\t<div class=\"e-con-inner\">\n\t\t\t\t<div class=\"elementor-element elementor-element-2bc0582 elementor-widget elementor-widget-text-editor\" data-id=\"2bc0582\" data-element_type=\"widget\" data-e-type=\"widget\" data-widget_type=\"text-editor.default\">\n\t\t\t\t<div class=\"elementor-widget-container\">\n\t\t\t\t\t\t\t\t\t<p>Cost: $100 USD per session, with a maximum of 10 people.<\/p><p>Why choose <strong>One and Done<\/strong>?<br \/>\u2022\u2060 \u2060Speed \u200b\u200band efficiency: In just one hour, your employees will acquire practical knowledge that they can apply immediately.<br \/>\u2022\u2060 \u2060Flexibility: Online training that adapts to your team's schedules.<br \/>\u2022\u2060 \u2060Accessibility: Competitive pricing that maximizes value per person.<br \/>\u2022\u2060 \u2060Practical approach: Action-oriented learning with specific topics that directly impact your business performance<\/p><p>Take your team to the next level with <strong>One and Done<\/strong> and transform the way they work in just 60 minutes.<\/p><p>Click on the button <strong>ask for quote<\/strong> and send us a <strong>message<\/strong> with your request. We will design the perfect course for you.<\/p>\t\t\t\t\t\t\t\t<\/div>\n\t\t\t\t<\/div>\n\t\t\t\t\t<\/div>\n\t\t\t\t<\/div>\n\t\t<div class=\"elementor-element elementor-element-369da1c e-flex e-con-boxed e-con e-parent\" data-id=\"369da1c\" data-element_type=\"container\" data-e-type=\"container\">\n\t\t\t\t\t<div class=\"e-con-inner\">\n\t\t\t\t<div class=\"elementor-element elementor-element-8031dbe elementor-widget elementor-widget-button\" data-id=\"8031dbe\" data-element_type=\"widget\" data-e-type=\"widget\" data-widget_type=\"button.default\">\n\t\t\t\t<div class=\"elementor-widget-container\">\n\t\t\t\t\t\t\t\t\t<div class=\"elementor-button-wrapper\">\n\t\t\t\t\t<a class=\"elementor-button elementor-button-link elementor-size-sm\" href=\"https:\/\/laeradigital.tech\/en\/product\/one-and-done\/%20\/\">\n\t\t\t\t\t\t<span class=\"elementor-button-content-wrapper\">\n\t\t\t\t\t\t\t\t\t<span class=\"elementor-button-text\">Request quote<\/span>\n\t\t\t\t\t<\/span>\n\t\t\t\t\t<\/a>\n\t\t\t\t<\/div>\n\t\t\t\t\t\t\t\t<\/div>\n\t\t\t\t<\/div>\n\t\t\t\t\t<\/div>\n\t\t\t\t<\/div>\n\t\t\t\t<\/div>","protected":false},"excerpt":{"rendered":"<p>One and done One and Done! Capacitaciones Expr\u00e9s: Formaci\u00f3n R\u00e1pida y Eficaz para Peque\u00f1as Empresas. En One and Done, entendemos que el tiempo es uno de los recursos m\u00e1s valiosos para las peque\u00f1as empresas. Por eso, hemos dise\u00f1ado sesiones de capacitaci\u00f3n r\u00e1pidas y efectivas de una hora a trav\u00e9s de Zoom, que permiten a tus&hellip; <a class=\"continue\" href=\"https:\/\/laeradigital.tech\/en\/one-and-done\/\">Continue Reading<span> One and Done<\/span><\/a><\/p>","protected":false},"author":1,"featured_media":0,"parent":0,"menu_order":0,"comment_status":"closed","ping_status":"closed","template":"","meta":{"inline_featured_image":false,"footnotes":""},"class_list":["post-7682","page","type-page","status-publish","hentry"],"_links":{"self":[{"href":"https:\/\/laeradigital.tech\/en\/wp-json\/wp\/v2\/pages\/7682","targetHints":{"allow":["GET"]}}],"collection":[{"href":"https:\/\/laeradigital.tech\/en\/wp-json\/wp\/v2\/pages"}],"about":[{"href":"https:\/\/laeradigital.tech\/en\/wp-json\/wp\/v2\/types\/page"}],"author":[{"embeddable":true,"href":"https:\/\/laeradigital.tech\/en\/wp-json\/wp\/v2\/users\/1"}],"replies":[{"embeddable":true,"href":"https:\/\/laeradigital.tech\/en\/wp-json\/wp\/v2\/comments?post=7682"}],"version-history":[{"count":35,"href":"https:\/\/laeradigital.tech\/en\/wp-json\/wp\/v2\/pages\/7682\/revisions"}],"predecessor-version":[{"id":7749,"href":"https:\/\/laeradigital.tech\/en\/wp-json\/wp\/v2\/pages\/7682\/revisions\/7749"}],"wp:attachment":[{"href":"https:\/\/laeradigital.tech\/en\/wp-json\/wp\/v2\/media?parent=7682"}],"curies":[{"name":"wp","href":"https:\/\/api.w.org\/{rel}","templated":true}]}}