{"id":7419,"date":"2024-07-27T23:41:10","date_gmt":"2024-07-27T23:41:10","guid":{"rendered":"https:\/\/laeradigital.tech\/?page_id=7419"},"modified":"2024-08-16T03:04:13","modified_gmt":"2024-08-16T03:04:13","slug":"machine-translation","status":"publish","type":"page","link":"https:\/\/laeradigital.tech\/en\/machine-translation\/","title":{"rendered":"Machine translation"},"content":{"rendered":"<div data-elementor-type=\"wp-page\" data-elementor-id=\"7419\" class=\"elementor elementor-7419\">\n\t\t\t\t<div class=\"elementor-element elementor-element-d5f9b53 e-flex e-con-boxed e-con e-parent\" data-id=\"d5f9b53\" data-element_type=\"container\" data-e-type=\"container\">\n\t\t\t\t\t<div class=\"e-con-inner\">\n\t\t\t\t<div class=\"elementor-element elementor-element-dd8c521 elementor-widget elementor-widget-text-editor\" data-id=\"dd8c521\" data-element_type=\"widget\" data-e-type=\"widget\" data-widget_type=\"text-editor.default\">\n\t\t\t\t<div class=\"elementor-widget-container\">\n\t\t\t\t\t\t\t\t\t<h2>Automatic translation services: bridging language gaps for your business<\/h2><p>At The Digital Era, we offer cutting-edge machine translation services to help your business communicate effectively with a global audience. Our services ensure that your content is accurately and efficiently translated into multiple languages, allowing you to connect with diverse markets and expand your reach. Our staff is fluent in English and Spanish, and we will edit translations to ensure they are clear and accurate.<\/p><p><strong>Why machine translation is important<\/strong><\/p><p>In today's globalized world, language should never be a barrier to business growth. Automatic translation allows you to:<\/p><p>Expand your market reach: Access new international markets by offering your products, services and content in multiple languages, making it easier for global customers to interact with your brand.<\/p><ol><li>Improve customer experience: Provide a seamless, personalized experience for non-English speaking customers, increasing their satisfaction and loyalty.<\/li><li>Increase efficiency and profitability: Machine translation offers a fast and affordable solution for translating large volumes of content, allowing you to expand your communication efforts without spending a lot of money.<\/li><li>Improve global collaboration: Facilitate better communication within your multilingual teams or with international partners, improving collaboration and productivity.<\/li><li>Stay competitive: In an increasingly interconnected world, offering multilingual content sets you apart from the competition and positions your business as innovative and inclusive.<\/li><\/ol><p><strong>Our automatic translation services<\/strong><\/p><p>The Digital Age leverages advanced machine translation technologies, combined with human oversight, to deliver high-quality translations that capture the nuances of your content. Our services include:<\/p><ol><li>Content Translation: Translate websites, marketing materials, product descriptions, and more into multiple languages, ensuring accuracy and cultural relevance.<\/li><li>Real-time communication: Deploy real-time translation for customer service chats, emails, and social media interactions, enabling immediate and effective communication with global customers.<\/li><li>Localization: Go beyond simple translation with localization services that adapt your content to the cultural context of your target markets, making it more identifiable and attractive.<\/li><li>Industry-specific expertise: Whether you're in retail, healthcare, education, or any other industry, our machine translation services are designed to meet the specific needs and terminology of your field.<\/li><\/ol><p><strong>Improve your business with machine translation<\/strong><\/p><p>Investing in machine translation is a strategic move that opens up new opportunities for growth and connection. By breaking down language barriers, you can expand your market reach, improve customer satisfaction, and enhance your global presence.<\/p><p>Let La Era Digital help you navigate the complexities of multilingual communication. Contact us today to learn more about our machine translation services and how we can support your business's international ambitions.<\/p>\t\t\t\t\t\t\t\t<\/div>\n\t\t\t\t<\/div>\n\t\t\t\t\t<\/div>\n\t\t\t\t<\/div>\n\t\t<div class=\"elementor-element elementor-element-8fa865b e-flex e-con-boxed e-con e-parent\" data-id=\"8fa865b\" data-element_type=\"container\" data-e-type=\"container\">\n\t\t\t\t\t<div class=\"e-con-inner\">\n\t\t\t\t<div class=\"elementor-element elementor-element-0300960 elementor-widget elementor-widget-spacer\" data-id=\"0300960\" data-element_type=\"widget\" data-e-type=\"widget\" data-widget_type=\"spacer.default\">\n\t\t\t\t<div class=\"elementor-widget-container\">\n\t\t\t\t\t\t\t<div class=\"elementor-spacer\">\n\t\t\t<div class=\"elementor-spacer-inner\"><\/div>\n\t\t<\/div>\n\t\t\t\t\t\t<\/div>\n\t\t\t\t<\/div>\n\t\t\t\t\t<\/div>\n\t\t\t\t<\/div>\n\t\t<div class=\"elementor-element elementor-element-e78c4f8 e-flex e-con-boxed e-con e-parent\" data-id=\"e78c4f8\" data-element_type=\"container\" data-e-type=\"container\">\n\t\t\t\t\t<div class=\"e-con-inner\">\n\t\t\t\t<div class=\"elementor-element elementor-element-767848c elementor-widget elementor-widget-button\" data-id=\"767848c\" data-element_type=\"widget\" data-e-type=\"widget\" data-widget_type=\"button.default\">\n\t\t\t\t<div class=\"elementor-widget-container\">\n\t\t\t\t\t\t\t\t\t<div class=\"elementor-button-wrapper\">\n\t\t\t\t\t<a class=\"elementor-button elementor-button-link elementor-size-sm\" href=\"https:\/\/laeradigital.tech\/en\/product\/machine-translation\/\">\n\t\t\t\t\t\t<span class=\"elementor-button-content-wrapper\">\n\t\t\t\t\t\t\t\t\t<span class=\"elementor-button-text\">Request a quote<\/span>\n\t\t\t\t\t<\/span>\n\t\t\t\t\t<\/a>\n\t\t\t\t<\/div>\n\t\t\t\t\t\t\t\t<\/div>\n\t\t\t\t<\/div>\n\t\t\t\t\t<\/div>\n\t\t\t\t<\/div>\n\t\t\t\t<\/div>","protected":false},"excerpt":{"rendered":"<p>Servicios de traducci\u00f3n autom\u00e1tica: superando las brechas ling\u00fc\u00edsticas para su empresa En La Era Digital, ofrecemos servicios de traducci\u00f3n autom\u00e1tica de vanguardia dise\u00f1ados para ayudar a su empresa a comunicarse de manera efectiva con una audiencia global. Nuestros servicios garantizan que su contenido se traduzca de manera precisa y eficiente a varios idiomas, lo que&hellip; <a class=\"continue\" href=\"https:\/\/laeradigital.tech\/en\/machine-translation\/\">Continue Reading<span> Machine translation<\/span><\/a><\/p>","protected":false},"author":1,"featured_media":0,"parent":0,"menu_order":0,"comment_status":"closed","ping_status":"closed","template":"","meta":{"inline_featured_image":false,"footnotes":""},"class_list":["post-7419","page","type-page","status-publish","hentry"],"_links":{"self":[{"href":"https:\/\/laeradigital.tech\/en\/wp-json\/wp\/v2\/pages\/7419","targetHints":{"allow":["GET"]}}],"collection":[{"href":"https:\/\/laeradigital.tech\/en\/wp-json\/wp\/v2\/pages"}],"about":[{"href":"https:\/\/laeradigital.tech\/en\/wp-json\/wp\/v2\/types\/page"}],"author":[{"embeddable":true,"href":"https:\/\/laeradigital.tech\/en\/wp-json\/wp\/v2\/users\/1"}],"replies":[{"embeddable":true,"href":"https:\/\/laeradigital.tech\/en\/wp-json\/wp\/v2\/comments?post=7419"}],"version-history":[{"count":10,"href":"https:\/\/laeradigital.tech\/en\/wp-json\/wp\/v2\/pages\/7419\/revisions"}],"predecessor-version":[{"id":7881,"href":"https:\/\/laeradigital.tech\/en\/wp-json\/wp\/v2\/pages\/7419\/revisions\/7881"}],"wp:attachment":[{"href":"https:\/\/laeradigital.tech\/en\/wp-json\/wp\/v2\/media?parent=7419"}],"curies":[{"name":"wp","href":"https:\/\/api.w.org\/{rel}","templated":true}]}}