{"id":7252,"date":"2024-07-26T01:38:11","date_gmt":"2024-07-26T01:38:11","guid":{"rendered":"https:\/\/laeradigital.tech\/?page_id=7252"},"modified":"2024-08-22T02:25:13","modified_gmt":"2024-08-22T02:25:13","slug":"certificacion-wcag-2-1-y-2-2-aa","status":"publish","type":"page","link":"https:\/\/laeradigital.tech\/en\/certificacion-wcag-2-1-y-2-2-aa\/","title":{"rendered":"WCAG 2.1 and 2.2 AA Compliance"},"content":{"rendered":"<div data-elementor-type=\"wp-page\" data-elementor-id=\"7252\" class=\"elementor elementor-7252\">\n\t\t\t\t<div class=\"elementor-element elementor-element-fb68cb5 e-flex e-con-boxed e-con e-parent\" data-id=\"fb68cb5\" data-element_type=\"container\" data-e-type=\"container\">\n\t\t\t\t\t<div class=\"e-con-inner\">\n\t\t\t\t<div class=\"elementor-element elementor-element-36da51d elementor-widget elementor-widget-heading\" data-id=\"36da51d\" data-element_type=\"widget\" data-e-type=\"widget\" data-widget_type=\"heading.default\">\n\t\t\t\t<div class=\"elementor-widget-container\">\n\t\t\t\t\t<h2 class=\"elementor-heading-title elementor-size-default\">WCAG 2.1 and 2.2 AA<\/h2>\t\t\t\t<\/div>\n\t\t\t\t<\/div>\n\t\t\t\t<div class=\"elementor-element elementor-element-0b867cc elementor-widget elementor-widget-spacer\" data-id=\"0b867cc\" data-element_type=\"widget\" data-e-type=\"widget\" data-widget_type=\"spacer.default\">\n\t\t\t\t<div class=\"elementor-widget-container\">\n\t\t\t\t\t\t\t<div class=\"elementor-spacer\">\n\t\t\t<div class=\"elementor-spacer-inner\"><\/div>\n\t\t<\/div>\n\t\t\t\t\t\t<\/div>\n\t\t\t\t<\/div>\n\t\t\t\t<div class=\"elementor-element elementor-element-c40b3aa elementor-widget elementor-widget-text-editor\" data-id=\"c40b3aa\" data-element_type=\"widget\" data-e-type=\"widget\" data-widget_type=\"text-editor.default\">\n\t\t\t\t<div class=\"elementor-widget-container\">\n\t\t\t\t\t\t\t\t\t<p><strong>WCAG 2.1 and 2.2 AA compliance<\/strong> We help your website meet the most demanding web accessibility standards. <strong>Make your website inclusive.<\/strong> Our WCAG 2.1 and 2.2 AA report and roadmap ensure your web content is accessible to people with disabilities, improving the user experience and expanding your audience.<\/p>\t\t\t\t\t\t\t\t<\/div>\n\t\t\t\t<\/div>\n\t\t\t\t\t<\/div>\n\t\t\t\t<\/div>\n\t\t<div class=\"elementor-element elementor-element-c522c49 e-flex e-con-boxed e-con e-parent\" data-id=\"c522c49\" data-element_type=\"container\" data-e-type=\"container\">\n\t\t\t\t\t<div class=\"e-con-inner\">\n\t\t\t\t<div class=\"elementor-element elementor-element-8c9f1e0 elementor-widget-divider--view-line elementor-widget elementor-widget-divider\" data-id=\"8c9f1e0\" data-element_type=\"widget\" data-e-type=\"widget\" data-widget_type=\"divider.default\">\n\t\t\t\t<div class=\"elementor-widget-container\">\n\t\t\t\t\t\t\t<div class=\"elementor-divider\">\n\t\t\t<span class=\"elementor-divider-separator\">\n\t\t\t\t\t\t<\/span>\n\t\t<\/div>\n\t\t\t\t\t\t<\/div>\n\t\t\t\t<\/div>\n\t\t\t\t\t<\/div>\n\t\t\t\t<\/div>\n\t\t<div class=\"elementor-element elementor-element-8592df8 e-flex e-con-boxed e-con e-parent\" data-id=\"8592df8\" data-element_type=\"container\" data-e-type=\"container\">\n\t\t\t\t\t<div class=\"e-con-inner\">\n\t\t\t\t<div class=\"elementor-element elementor-element-b6c548c elementor-widget elementor-widget-image\" data-id=\"b6c548c\" data-element_type=\"widget\" data-e-type=\"widget\" data-widget_type=\"image.default\">\n\t\t\t\t<div class=\"elementor-widget-container\">\n\t\t\t\t\t\t\t\t\t\t\t\t\t\t\t<img fetchpriority=\"high\" decoding=\"async\" width=\"780\" height=\"347\" src=\"data:image\/svg+xml;charset=utf-8,%3Csvg xmlns%3D&#039;http%3A%2F%2Fwww.w3.org%2F2000%2Fsvg&#039; viewBox%3D&#039;0 0 1024 456&#039;%2F%3E\" class=\"attachment-large size-large wp-image-7594 ld-lazyload\" alt=\"Una pieza del rompecabezas que falta\" data-src=\"https:\/\/laeradigital.tech\/wp-content\/uploads\/2024\/08\/Certificacion-WCAG-2.1-y-2.2-AA-2-1024x456.jpg\" data-srcset=\"https:\/\/laeradigital.tech\/wp-content\/uploads\/2024\/08\/Certificacion-WCAG-2.1-y-2.2-AA-2-1024x456.jpg 1024w, https:\/\/laeradigital.tech\/wp-content\/uploads\/2024\/08\/Certificacion-WCAG-2.1-y-2.2-AA-2-300x134.jpg 300w, https:\/\/laeradigital.tech\/wp-content\/uploads\/2024\/08\/Certificacion-WCAG-2.1-y-2.2-AA-2-600x267.jpg 600w, https:\/\/laeradigital.tech\/wp-content\/uploads\/2024\/08\/Certificacion-WCAG-2.1-y-2.2-AA-2-18x8.jpg 18w, https:\/\/laeradigital.tech\/wp-content\/uploads\/2024\/08\/Certificacion-WCAG-2.1-y-2.2-AA-2.jpg 1280w\" data-sizes=\"(max-width: 780px) 100vw, 780px\" data-aspect=\"2.2456140350877\" \/>\t\t\t\t\t\t\t\t\t\t\t\t\t\t\t<\/div>\n\t\t\t\t<\/div>\n\t\t\t\t\t<\/div>\n\t\t\t\t<\/div>\n\t\t<div class=\"elementor-element elementor-element-b120226 e-flex e-con-boxed e-con e-parent\" data-id=\"b120226\" data-element_type=\"container\" data-e-type=\"container\">\n\t\t\t\t\t<div class=\"e-con-inner\">\n\t\t\t\t<div class=\"elementor-element elementor-element-f97cc68 elementor-widget elementor-widget-text-editor\" data-id=\"f97cc68\" data-element_type=\"widget\" data-e-type=\"widget\" data-widget_type=\"text-editor.default\">\n\t\t\t\t<div class=\"elementor-widget-container\">\n\t\t\t\t\t\t\t\t\t<p><strong>WCAG compliance process.<\/strong> We thoroughly audit your website to identify and correct any accessibility barriers. We provide you with a detailed report and certificate demonstrating compliance with WCAG standards.\u00a0<a href=\"https:\/\/laeradigital.tech\/en\/titulo-ii-de-la-ada-y-la-seccion-508\/\">Learn more about Title II Standards 508, including recent changes.<\/a><\/p>\t\t\t\t\t\t\t\t<\/div>\n\t\t\t\t<\/div>\n\t\t\t\t\t<\/div>\n\t\t\t\t<\/div>\n\t\t<div class=\"elementor-element elementor-element-22e46a9 e-flex e-con-boxed e-con e-parent\" data-id=\"22e46a9\" data-element_type=\"container\" data-e-type=\"container\">\n\t\t\t\t\t<div class=\"e-con-inner\">\n\t\t\t\t<div class=\"elementor-element elementor-element-1a054e9 elementor-widget elementor-widget-button\" data-id=\"1a054e9\" data-element_type=\"widget\" data-e-type=\"widget\" data-widget_type=\"button.default\">\n\t\t\t\t<div class=\"elementor-widget-container\">\n\t\t\t\t\t\t\t\t\t<div class=\"elementor-button-wrapper\">\n\t\t\t\t\t<a class=\"elementor-button elementor-button-link elementor-size-sm\" href=\"https:\/\/laeradigital.tech\/en\/product\/certificacion-wcag-2-1-y-2-2-aa\/\">\n\t\t\t\t\t\t<span class=\"elementor-button-content-wrapper\">\n\t\t\t\t\t\t\t\t\t<span class=\"elementor-button-text\">Request quote<\/span>\n\t\t\t\t\t<\/span>\n\t\t\t\t\t<\/a>\n\t\t\t\t<\/div>\n\t\t\t\t\t\t\t\t<\/div>\n\t\t\t\t<\/div>\n\t\t\t\t\t<\/div>\n\t\t\t\t<\/div>\n\t\t\t\t<\/div>","protected":false},"excerpt":{"rendered":"<p>Certificaci\u00f3n WCAG 2.1 y 2.2 AA Certificaci\u00f3n WCAG 2.1 y 2.2 AA. Garantizamos que tu sitio web cumpla con los est\u00e1ndares de accesibilidad web m\u00e1s exigentes. Haz tu sitio web inclusivo. Nuestra certificaci\u00f3n WCAG 2.1 y 2.2 AA asegura que tu contenido web sea accesible para personas con discapacidad, mejorando la experiencia del usuario y&hellip; <a class=\"continue\" href=\"https:\/\/laeradigital.tech\/en\/certificacion-wcag-2-1-y-2-2-aa\/\">Continue Reading<span> WCAG 2.1 and 2.2 AA Compliance<\/span><\/a><\/p>","protected":false},"author":1,"featured_media":0,"parent":0,"menu_order":0,"comment_status":"closed","ping_status":"closed","template":"","meta":{"inline_featured_image":false,"footnotes":""},"class_list":["post-7252","page","type-page","status-publish","hentry"],"_links":{"self":[{"href":"https:\/\/laeradigital.tech\/en\/wp-json\/wp\/v2\/pages\/7252","targetHints":{"allow":["GET"]}}],"collection":[{"href":"https:\/\/laeradigital.tech\/en\/wp-json\/wp\/v2\/pages"}],"about":[{"href":"https:\/\/laeradigital.tech\/en\/wp-json\/wp\/v2\/types\/page"}],"author":[{"embeddable":true,"href":"https:\/\/laeradigital.tech\/en\/wp-json\/wp\/v2\/users\/1"}],"replies":[{"embeddable":true,"href":"https:\/\/laeradigital.tech\/en\/wp-json\/wp\/v2\/comments?post=7252"}],"version-history":[{"count":20,"href":"https:\/\/laeradigital.tech\/en\/wp-json\/wp\/v2\/pages\/7252\/revisions"}],"predecessor-version":[{"id":7891,"href":"https:\/\/laeradigital.tech\/en\/wp-json\/wp\/v2\/pages\/7252\/revisions\/7891"}],"wp:attachment":[{"href":"https:\/\/laeradigital.tech\/en\/wp-json\/wp\/v2\/media?parent=7252"}],"curies":[{"name":"wp","href":"https:\/\/api.w.org\/{rel}","templated":true}]}}