{"id":7248,"date":"2024-07-26T01:34:04","date_gmt":"2024-07-26T01:34:04","guid":{"rendered":"https:\/\/laeradigital.tech\/?page_id=7248"},"modified":"2024-08-08T13:59:30","modified_gmt":"2024-08-08T13:59:30","slug":"desarrollo-de-aplicaciones","status":"publish","type":"page","link":"https:\/\/laeradigital.tech\/en\/desarrollo-de-aplicaciones\/","title":{"rendered":"Application development"},"content":{"rendered":"<div data-elementor-type=\"wp-page\" data-elementor-id=\"7248\" class=\"elementor elementor-7248\">\n\t\t\t\t<div class=\"elementor-element elementor-element-5af0a52 e-flex e-con-boxed e-con e-parent\" data-id=\"5af0a52\" data-element_type=\"container\" data-e-type=\"container\">\n\t\t\t\t\t<div class=\"e-con-inner\">\n\t\t\t\t<div class=\"elementor-element elementor-element-5e88cb0 elementor-widget elementor-widget-heading\" data-id=\"5e88cb0\" data-element_type=\"widget\" data-e-type=\"widget\" data-widget_type=\"heading.default\">\n\t\t\t\t<div class=\"elementor-widget-container\">\n\t\t\t\t\t<h2 class=\"elementor-heading-title elementor-size-default\">Application development<\/h2>\t\t\t\t<\/div>\n\t\t\t\t<\/div>\n\t\t\t\t<div class=\"elementor-element elementor-element-1ff4a60 elementor-widget elementor-widget-spacer\" data-id=\"1ff4a60\" data-element_type=\"widget\" data-e-type=\"widget\" data-widget_type=\"spacer.default\">\n\t\t\t\t<div class=\"elementor-widget-container\">\n\t\t\t\t\t\t\t<div class=\"elementor-spacer\">\n\t\t\t<div class=\"elementor-spacer-inner\"><\/div>\n\t\t<\/div>\n\t\t\t\t\t\t<\/div>\n\t\t\t\t<\/div>\n\t\t\t\t<div class=\"elementor-element elementor-element-04b8e16 elementor-widget elementor-widget-text-editor\" data-id=\"04b8e16\" data-element_type=\"widget\" data-e-type=\"widget\" data-widget_type=\"text-editor.default\">\n\t\t\t\t<div class=\"elementor-widget-container\">\n\t\t\t\t\t\t\t\t\t<p data-sourcepos=\"5:4-5:129\"><strong>Desarrollo de aplicaciones m\u00f3viles personalizadas. Transformamos tus ideas en soluciones innovadoras para iOS y Android.<\/strong><\/p><ul data-sourcepos=\"7:4-10:0\"><li data-sourcepos=\"7:4-7:248\"><strong>Enfoque en la innovaci\u00f3n y la personalizaci\u00f3n:<\/strong> Creamos aplicaciones m\u00f3viles \u00fanicas que se adaptan a tus necesidades espec\u00edficas. Desde startups hasta grandes empresas, ofrecemos soluciones a medida que te permiten destacar en el mercado.<\/li><li data-sourcepos=\"8:4-8:186\"><strong>\u00c9nfasis en la experiencia del usuario:<\/strong> Dise\u00f1amos interfaces intuitivas y experiencias de usuario excepcionales que cautivan a tus usuarios y los convierten en clientes fieles.<\/li><li data-sourcepos=\"9:4-10:0\"><strong>Integraci\u00f3n de tecnolog\u00edas emergentes:<\/strong> Estamos al d\u00eda con las \u00faltimas tendencias en desarrollo m\u00f3vil, como realidad aumentada, inteligencia artificial y aprendizaje autom\u00e1tico, para crear aplicaciones vanguardistas<\/li><\/ul>\t\t\t\t\t\t\t\t<\/div>\n\t\t\t\t<\/div>\n\t\t\t\t\t<\/div>\n\t\t\t\t<\/div>\n\t\t<div class=\"elementor-element elementor-element-61bc72e e-flex e-con-boxed e-con e-parent\" data-id=\"61bc72e\" data-element_type=\"container\" data-e-type=\"container\">\n\t\t\t\t\t<div class=\"e-con-inner\">\n\t\t\t\t<div class=\"elementor-element elementor-element-43aa7a6 elementor-widget-divider--view-line elementor-widget elementor-widget-divider\" data-id=\"43aa7a6\" data-element_type=\"widget\" data-e-type=\"widget\" data-widget_type=\"divider.default\">\n\t\t\t\t<div class=\"elementor-widget-container\">\n\t\t\t\t\t\t\t<div class=\"elementor-divider\">\n\t\t\t<span class=\"elementor-divider-separator\">\n\t\t\t\t\t\t<\/span>\n\t\t<\/div>\n\t\t\t\t\t\t<\/div>\n\t\t\t\t<\/div>\n\t\t\t\t\t<\/div>\n\t\t\t\t<\/div>\n\t\t<div class=\"elementor-element elementor-element-e5c5d6e e-flex e-con-boxed e-con e-parent\" data-id=\"e5c5d6e\" data-element_type=\"container\" data-e-type=\"container\">\n\t\t\t\t\t<div class=\"e-con-inner\">\n\t\t\t\t<div class=\"elementor-element elementor-element-04311a5 elementor-widget elementor-widget-image\" data-id=\"04311a5\" data-element_type=\"widget\" data-e-type=\"widget\" data-widget_type=\"image.default\">\n\t\t\t\t<div class=\"elementor-widget-container\">\n\t\t\t\t\t\t\t\t\t\t\t\t\t\t\t<img fetchpriority=\"high\" decoding=\"async\" width=\"768\" height=\"512\" src=\"https:\/\/laeradigital.tech\/wp-content\/uploads\/2024\/08\/La_Era_Digital_Desarrollo_de_Apps_.jpg\" class=\"attachment-medium_large size-medium_large wp-image-7573\" alt=\"desarrollo de aplicaciones\" srcset=\"https:\/\/laeradigital.tech\/wp-content\/uploads\/2024\/08\/La_Era_Digital_Desarrollo_de_Apps_.jpg 1280w, https:\/\/laeradigital.tech\/wp-content\/uploads\/2024\/08\/La_Era_Digital_Desarrollo_de_Apps_-300x200.jpg 300w, https:\/\/laeradigital.tech\/wp-content\/uploads\/2024\/08\/La_Era_Digital_Desarrollo_de_Apps_-1024x682.jpg 1024w, https:\/\/laeradigital.tech\/wp-content\/uploads\/2024\/08\/La_Era_Digital_Desarrollo_de_Apps_-720x480.jpg 720w, https:\/\/laeradigital.tech\/wp-content\/uploads\/2024\/08\/La_Era_Digital_Desarrollo_de_Apps_-600x400.jpg 600w, https:\/\/laeradigital.tech\/wp-content\/uploads\/2024\/08\/La_Era_Digital_Desarrollo_de_Apps_-18x12.jpg 18w\" sizes=\"(max-width: 768px) 100vw, 768px\" \/>\t\t\t\t\t\t\t\t\t\t\t\t\t\t\t<\/div>\n\t\t\t\t<\/div>\n\t\t\t\t\t<\/div>\n\t\t\t\t<\/div>\n\t\t<div class=\"elementor-element elementor-element-ede29f2 e-flex e-con-boxed e-con e-parent\" data-id=\"ede29f2\" data-element_type=\"container\" data-e-type=\"container\">\n\t\t\t\t\t<div class=\"e-con-inner\">\n\t\t\t\t<div class=\"elementor-element elementor-element-1484958 elementor-widget elementor-widget-text-editor\" data-id=\"1484958\" data-element_type=\"widget\" data-e-type=\"widget\" data-widget_type=\"text-editor.default\">\n\t\t\t\t<div class=\"elementor-widget-container\">\n\t\t\t\t\t\t\t\t\t<p data-sourcepos=\"11:4-11:146\"><strong>\u00bfTienes una idea genial? D\u00e9janos convertirla en una app m\u00f3vil de alto rendimiento. Especialistas en desarrollo nativo para iOS y Android.<\/strong><\/p><ul data-sourcepos=\"13:4-13:202\"><li data-sourcepos=\"13:4-13:202\"><strong>Destaca el rendimiento y la eficiencia:<\/strong> Nuestras aplicaciones m\u00f3viles son r\u00e1pidas, confiables y escalables. Optimizamos el c\u00f3digo para garantizar un rendimiento \u00f3ptimo en cualquier dispositivo.<\/li><li data-sourcepos=\"14:4-14:197\"><strong>Enfoque en el desarrollo nativo:<\/strong> Somos expertos en desarrollo nativo para iOS y Android, lo que nos permite aprovechar al m\u00e1ximo las caracter\u00edsticas y funcionalidades de cada plataforma.<\/li><li data-sourcepos=\"15:4-16:0\"><strong>Garant\u00eda de calidad:<\/strong> Realizamos rigurosas pruebas de calidad para asegurar que tu aplicaci\u00f3n funcione sin problemas y est\u00e9 libre de errores.<\/li><\/ul>\t\t\t\t\t\t\t\t<\/div>\n\t\t\t\t<\/div>\n\t\t\t\t\t<\/div>\n\t\t\t\t<\/div>\n\t\t<div class=\"elementor-element elementor-element-154f7db e-flex e-con-boxed e-con e-parent\" data-id=\"154f7db\" data-element_type=\"container\" data-e-type=\"container\">\n\t\t\t\t\t<div class=\"e-con-inner\">\n\t\t\t\t<div class=\"elementor-element elementor-element-c0ff261 elementor-widget elementor-widget-button\" data-id=\"c0ff261\" data-element_type=\"widget\" data-e-type=\"widget\" data-widget_type=\"button.default\">\n\t\t\t\t<div class=\"elementor-widget-container\">\n\t\t\t\t\t\t\t\t\t<div class=\"elementor-button-wrapper\">\n\t\t\t\t\t<a class=\"elementor-button elementor-button-link elementor-size-sm\" href=\"https:\/\/laeradigital.tech\/en\/product\/desarrollo-de-apps\/\">\n\t\t\t\t\t\t<span class=\"elementor-button-content-wrapper\">\n\t\t\t\t\t\t\t\t\t<span class=\"elementor-button-text\">Request quote<\/span>\n\t\t\t\t\t<\/span>\n\t\t\t\t\t<\/a>\n\t\t\t\t<\/div>\n\t\t\t\t\t\t\t\t<\/div>\n\t\t\t\t<\/div>\n\t\t\t\t\t<\/div>\n\t\t\t\t<\/div>\n\t\t\t\t<\/div>","protected":false},"excerpt":{"rendered":"<p>Desarrollo de aplicaciones Desarrollo de aplicaciones m\u00f3viles personalizadas. Transformamos tus ideas en soluciones innovadoras para iOS y Android. Enfoque en la innovaci\u00f3n y la personalizaci\u00f3n: Creamos aplicaciones m\u00f3viles \u00fanicas que se adaptan a tus necesidades espec\u00edficas. Desde startups hasta grandes empresas, ofrecemos soluciones a medida que te permiten destacar en el mercado. \u00c9nfasis en la&hellip; <a class=\"continue\" href=\"https:\/\/laeradigital.tech\/en\/desarrollo-de-aplicaciones\/\">Continue Reading<span> Application development<\/span><\/a><\/p>","protected":false},"author":1,"featured_media":0,"parent":0,"menu_order":0,"comment_status":"closed","ping_status":"closed","template":"","meta":{"inline_featured_image":false,"footnotes":""},"class_list":["post-7248","page","type-page","status-publish","hentry"],"_links":{"self":[{"href":"https:\/\/laeradigital.tech\/en\/wp-json\/wp\/v2\/pages\/7248","targetHints":{"allow":["GET"]}}],"collection":[{"href":"https:\/\/laeradigital.tech\/en\/wp-json\/wp\/v2\/pages"}],"about":[{"href":"https:\/\/laeradigital.tech\/en\/wp-json\/wp\/v2\/types\/page"}],"author":[{"embeddable":true,"href":"https:\/\/laeradigital.tech\/en\/wp-json\/wp\/v2\/users\/1"}],"replies":[{"embeddable":true,"href":"https:\/\/laeradigital.tech\/en\/wp-json\/wp\/v2\/comments?post=7248"}],"version-history":[{"count":16,"href":"https:\/\/laeradigital.tech\/en\/wp-json\/wp\/v2\/pages\/7248\/revisions"}],"predecessor-version":[{"id":7609,"href":"https:\/\/laeradigital.tech\/en\/wp-json\/wp\/v2\/pages\/7248\/revisions\/7609"}],"wp:attachment":[{"href":"https:\/\/laeradigital.tech\/en\/wp-json\/wp\/v2\/media?parent=7248"}],"curies":[{"name":"wp","href":"https:\/\/api.w.org\/{rel}","templated":true}]}}