{"id":7246,"date":"2024-07-26T01:33:16","date_gmt":"2024-07-26T01:33:16","guid":{"rendered":"https:\/\/laeradigital.tech\/?page_id=7246"},"modified":"2024-08-08T13:58:14","modified_gmt":"2024-08-08T13:58:14","slug":"diseno-web","status":"publish","type":"page","link":"https:\/\/laeradigital.tech\/en\/diseno-web\/","title":{"rendered":"Web Design"},"content":{"rendered":"<div data-elementor-type=\"wp-page\" data-elementor-id=\"7246\" class=\"elementor elementor-7246\">\n\t\t\t\t<div class=\"elementor-element elementor-element-7cab1d4 e-flex e-con-boxed e-con e-parent\" data-id=\"7cab1d4\" data-element_type=\"container\" data-e-type=\"container\">\n\t\t\t\t\t<div class=\"e-con-inner\">\n\t\t\t\t<div class=\"elementor-element elementor-element-15688a6 elementor-widget elementor-widget-heading\" data-id=\"15688a6\" data-element_type=\"widget\" data-e-type=\"widget\" data-widget_type=\"heading.default\">\n\t\t\t\t<div class=\"elementor-widget-container\">\n\t\t\t\t\t<h2 class=\"elementor-heading-title elementor-size-default\">Web Design<\/h2>\t\t\t\t<\/div>\n\t\t\t\t<\/div>\n\t\t\t\t<div class=\"elementor-element elementor-element-00ecd34 elementor-widget elementor-widget-spacer\" data-id=\"00ecd34\" data-element_type=\"widget\" data-e-type=\"widget\" data-widget_type=\"spacer.default\">\n\t\t\t\t<div class=\"elementor-widget-container\">\n\t\t\t\t\t\t\t<div class=\"elementor-spacer\">\n\t\t\t<div class=\"elementor-spacer-inner\"><\/div>\n\t\t<\/div>\n\t\t\t\t\t\t<\/div>\n\t\t\t\t<\/div>\n\t\t\t\t<div class=\"elementor-element elementor-element-83d3225 elementor-widget elementor-widget-text-editor\" data-id=\"83d3225\" data-element_type=\"widget\" data-e-type=\"widget\" data-widget_type=\"text-editor.default\">\n\t\t\t\t<div class=\"elementor-widget-container\">\n\t\t\t\t\t\t\t\t\t<p><strong>La Era Digital: Tu socio en el mundo web.<\/strong> Ofrecemos soluciones de dise\u00f1o web personalizadas y adaptadas a tus necesidades. Con nuestro equipo de expertos, creamos sitios web modernos, funcionales y responsivos que te permitir\u00e1n alcanzar tus objetivos en l\u00ednea. Contamos con un soporte t\u00e9cnico especializado para garantizar el \u00e9xito de tu proyecto.<\/p>\t\t\t\t\t\t\t\t<\/div>\n\t\t\t\t<\/div>\n\t\t\t\t\t<\/div>\n\t\t\t\t<\/div>\n\t\t<div class=\"elementor-element elementor-element-e698032 e-flex e-con-boxed e-con e-parent\" data-id=\"e698032\" data-element_type=\"container\" data-e-type=\"container\">\n\t\t\t\t\t<div class=\"e-con-inner\">\n\t\t\t\t<div class=\"elementor-element elementor-element-5b6170c elementor-widget elementor-widget-image\" data-id=\"5b6170c\" data-element_type=\"widget\" data-e-type=\"widget\" data-widget_type=\"image.default\">\n\t\t\t\t<div class=\"elementor-widget-container\">\n\t\t\t\t\t\t\t\t\t\t\t\t\t\t\t<img fetchpriority=\"high\" decoding=\"async\" width=\"768\" height=\"425\" src=\"https:\/\/laeradigital.tech\/wp-content\/uploads\/2024\/08\/La_Era_Digital_Diseno_Web.jpg\" class=\"attachment-medium_large size-medium_large wp-image-7562\" alt=\"Dise\u00f1ador web\" srcset=\"https:\/\/laeradigital.tech\/wp-content\/uploads\/2024\/08\/La_Era_Digital_Diseno_Web.jpg 1280w, https:\/\/laeradigital.tech\/wp-content\/uploads\/2024\/08\/La_Era_Digital_Diseno_Web-300x166.jpg 300w, https:\/\/laeradigital.tech\/wp-content\/uploads\/2024\/08\/La_Era_Digital_Diseno_Web-1024x566.jpg 1024w, https:\/\/laeradigital.tech\/wp-content\/uploads\/2024\/08\/La_Era_Digital_Diseno_Web-600x332.jpg 600w, https:\/\/laeradigital.tech\/wp-content\/uploads\/2024\/08\/La_Era_Digital_Diseno_Web-18x10.jpg 18w\" sizes=\"(max-width: 768px) 100vw, 768px\" \/>\t\t\t\t\t\t\t\t\t\t\t\t\t\t\t<\/div>\n\t\t\t\t<\/div>\n\t\t\t\t\t<\/div>\n\t\t\t\t<\/div>\n\t\t<div class=\"elementor-element elementor-element-36dceec e-flex e-con-boxed e-con e-parent\" data-id=\"36dceec\" data-element_type=\"container\" data-e-type=\"container\">\n\t\t\t\t\t<div class=\"e-con-inner\">\n\t\t\t\t<div class=\"elementor-element elementor-element-f8f53a3 elementor-widget-divider--view-line elementor-widget elementor-widget-divider\" data-id=\"f8f53a3\" data-element_type=\"widget\" data-e-type=\"widget\" data-widget_type=\"divider.default\">\n\t\t\t\t<div class=\"elementor-widget-container\">\n\t\t\t\t\t\t\t<div class=\"elementor-divider\">\n\t\t\t<span class=\"elementor-divider-separator\">\n\t\t\t\t\t\t<\/span>\n\t\t<\/div>\n\t\t\t\t\t\t<\/div>\n\t\t\t\t<\/div>\n\t\t\t\t\t<\/div>\n\t\t\t\t<\/div>\n\t\t<div class=\"elementor-element elementor-element-8b59921 e-flex e-con-boxed e-con e-parent\" data-id=\"8b59921\" data-element_type=\"container\" data-e-type=\"container\">\n\t\t\t\t\t<div class=\"e-con-inner\">\n\t\t\t\t<div class=\"elementor-element elementor-element-723e6d0 elementor-widget elementor-widget-text-editor\" data-id=\"723e6d0\" data-element_type=\"widget\" data-e-type=\"widget\" data-widget_type=\"text-editor.default\">\n\t\t\t\t<div class=\"elementor-widget-container\">\n\t\t\t\t\t\t\t\t\t<p><strong>\u00bfBuscas un sitio web \u00fanico y eficaz?<\/strong> En La Era Digital, dise\u00f1amos sitios web a medida que reflejen la identidad de tu marca. Conocemos la importancia de una presencia online s\u00f3lida y te ofrecemos soluciones personalizadas que te ayudar\u00e1n a destacar en el mercado. Nuestro equipo te brindar\u00e1 un acompa\u00f1amiento integral desde el dise\u00f1o hasta el desarrollo y el soporte t\u00e9cnico.<\/p>\t\t\t\t\t\t\t\t<\/div>\n\t\t\t\t<\/div>\n\t\t\t\t\t<\/div>\n\t\t\t\t<\/div>\n\t\t<div class=\"elementor-element elementor-element-7c2f0f9 e-flex e-con-boxed e-con e-parent\" data-id=\"7c2f0f9\" data-element_type=\"container\" data-e-type=\"container\">\n\t\t\t\t\t<div class=\"e-con-inner\">\n\t\t\t\t<div class=\"elementor-element elementor-element-95faae5 elementor-widget elementor-widget-button\" data-id=\"95faae5\" data-element_type=\"widget\" data-e-type=\"widget\" data-widget_type=\"button.default\">\n\t\t\t\t<div class=\"elementor-widget-container\">\n\t\t\t\t\t\t\t\t\t<div class=\"elementor-button-wrapper\">\n\t\t\t\t\t<a class=\"elementor-button elementor-button-link elementor-size-sm\" href=\"https:\/\/laeradigital.tech\/en\/product\/diseno-web\/\">\n\t\t\t\t\t\t<span class=\"elementor-button-content-wrapper\">\n\t\t\t\t\t\t\t\t\t<span class=\"elementor-button-text\">Request quote<\/span>\n\t\t\t\t\t<\/span>\n\t\t\t\t\t<\/a>\n\t\t\t\t<\/div>\n\t\t\t\t\t\t\t\t<\/div>\n\t\t\t\t<\/div>\n\t\t\t\t\t<\/div>\n\t\t\t\t<\/div>\n\t\t\t\t<\/div>","protected":false},"excerpt":{"rendered":"<p>Dise\u00f1o Web La Era Digital: Tu socio en el mundo web. Ofrecemos soluciones de dise\u00f1o web personalizadas y adaptadas a tus necesidades. Con nuestro equipo de expertos, creamos sitios web modernos, funcionales y responsivos que te permitir\u00e1n alcanzar tus objetivos en l\u00ednea. Contamos con un soporte t\u00e9cnico especializado para garantizar el \u00e9xito de tu proyecto.&hellip; <a class=\"continue\" href=\"https:\/\/laeradigital.tech\/en\/diseno-web\/\">Continue Reading<span> Web Design<\/span><\/a><\/p>","protected":false},"author":1,"featured_media":7562,"parent":0,"menu_order":0,"comment_status":"closed","ping_status":"closed","template":"","meta":{"inline_featured_image":false,"footnotes":""},"class_list":["post-7246","page","type-page","status-publish","has-post-thumbnail","hentry"],"_links":{"self":[{"href":"https:\/\/laeradigital.tech\/en\/wp-json\/wp\/v2\/pages\/7246","targetHints":{"allow":["GET"]}}],"collection":[{"href":"https:\/\/laeradigital.tech\/en\/wp-json\/wp\/v2\/pages"}],"about":[{"href":"https:\/\/laeradigital.tech\/en\/wp-json\/wp\/v2\/types\/page"}],"author":[{"embeddable":true,"href":"https:\/\/laeradigital.tech\/en\/wp-json\/wp\/v2\/users\/1"}],"replies":[{"embeddable":true,"href":"https:\/\/laeradigital.tech\/en\/wp-json\/wp\/v2\/comments?post=7246"}],"version-history":[{"count":17,"href":"https:\/\/laeradigital.tech\/en\/wp-json\/wp\/v2\/pages\/7246\/revisions"}],"predecessor-version":[{"id":7606,"href":"https:\/\/laeradigital.tech\/en\/wp-json\/wp\/v2\/pages\/7246\/revisions\/7606"}],"wp:featuredmedia":[{"embeddable":true,"href":"https:\/\/laeradigital.tech\/en\/wp-json\/wp\/v2\/media\/7562"}],"wp:attachment":[{"href":"https:\/\/laeradigital.tech\/en\/wp-json\/wp\/v2\/media?parent=7246"}],"curies":[{"name":"wp","href":"https:\/\/api.w.org\/{rel}","templated":true}]}}