{"id":7131,"date":"2024-07-25T14:26:07","date_gmt":"2024-07-25T14:26:07","guid":{"rendered":"https:\/\/laeradigital.tech\/?page_id=7131"},"modified":"2024-08-08T14:10:57","modified_gmt":"2024-08-08T14:10:57","slug":"edicion-y-publicacion","status":"publish","type":"page","link":"https:\/\/laeradigital.tech\/en\/edicion-y-publicacion\/","title":{"rendered":"Editing and Publication"},"content":{"rendered":"<div data-elementor-type=\"wp-page\" data-elementor-id=\"7131\" class=\"elementor elementor-7131\">\n\t\t\t\t<div class=\"elementor-element elementor-element-73d312a e-flex e-con-boxed e-con e-parent\" data-id=\"73d312a\" data-element_type=\"container\" data-e-type=\"container\">\n\t\t\t\t\t<div class=\"e-con-inner\">\n\t\t\t\t<div class=\"elementor-element elementor-element-17127e0 elementor-widget elementor-widget-heading\" data-id=\"17127e0\" data-element_type=\"widget\" data-e-type=\"widget\" data-widget_type=\"heading.default\">\n\t\t\t\t<div class=\"elementor-widget-container\">\n\t\t\t\t\t<h2 class=\"elementor-heading-title elementor-size-default\">Editing and Publication<\/h2>\t\t\t\t<\/div>\n\t\t\t\t<\/div>\n\t\t\t\t<div class=\"elementor-element elementor-element-42e692e elementor-widget elementor-widget-spacer\" data-id=\"42e692e\" data-element_type=\"widget\" data-e-type=\"widget\" data-widget_type=\"spacer.default\">\n\t\t\t\t<div class=\"elementor-widget-container\">\n\t\t\t\t\t\t\t<div class=\"elementor-spacer\">\n\t\t\t<div class=\"elementor-spacer-inner\"><\/div>\n\t\t<\/div>\n\t\t\t\t\t\t<\/div>\n\t\t\t\t<\/div>\n\t\t\t\t<div class=\"elementor-element elementor-element-c27efb3 elementor-widget elementor-widget-text-editor\" data-id=\"c27efb3\" data-element_type=\"widget\" data-e-type=\"widget\" data-widget_type=\"text-editor.default\">\n\t\t\t\t<div class=\"elementor-widget-container\">\n\t\t\t\t\t\t\t\t\t<p>Transformamos tus manuscritos en obras publicadas de calidad. Desde la correcci\u00f3n de estilo hasta la distribuci\u00f3n, ofrecemos un servicio completo. Nuestro equipo de profesionales te acompa\u00f1ar\u00e1 en cada etapa del proceso, desde la correcci\u00f3n de estilo y la maquetaci\u00f3n hasta la impresi\u00f3n y distribuci\u00f3n. Ofrecemos un servicio personalizado y adaptado a tus necesidades, para que puedas concentrarte en lo que realmente importa: escribir<\/p>\t\t\t\t\t\t\t\t<\/div>\n\t\t\t\t<\/div>\n\t\t\t\t\t<\/div>\n\t\t\t\t<\/div>\n\t\t<div class=\"elementor-element elementor-element-4da28a4 e-flex e-con-boxed e-con e-parent\" data-id=\"4da28a4\" data-element_type=\"container\" data-e-type=\"container\">\n\t\t\t\t\t<div class=\"e-con-inner\">\n\t\t\t\t<div class=\"elementor-element elementor-element-16bb7be elementor-widget-divider--view-line elementor-widget elementor-widget-divider\" data-id=\"16bb7be\" data-element_type=\"widget\" data-e-type=\"widget\" data-widget_type=\"divider.default\">\n\t\t\t\t<div class=\"elementor-widget-container\">\n\t\t\t\t\t\t\t<div class=\"elementor-divider\">\n\t\t\t<span class=\"elementor-divider-separator\">\n\t\t\t\t\t\t<\/span>\n\t\t<\/div>\n\t\t\t\t\t\t<\/div>\n\t\t\t\t<\/div>\n\t\t\t\t\t<\/div>\n\t\t\t\t<\/div>\n\t\t<div class=\"elementor-element elementor-element-ecbabaf e-flex e-con-boxed e-con e-parent\" data-id=\"ecbabaf\" data-element_type=\"container\" data-e-type=\"container\">\n\t\t\t\t\t<div class=\"e-con-inner\">\n\t\t\t\t<div class=\"elementor-element elementor-element-bb826b5 elementor-widget elementor-widget-image\" data-id=\"bb826b5\" data-element_type=\"widget\" data-e-type=\"widget\" data-widget_type=\"image.default\">\n\t\t\t\t<div class=\"elementor-widget-container\">\n\t\t\t\t\t\t\t\t\t\t\t\t\t\t\t<img fetchpriority=\"high\" decoding=\"async\" width=\"780\" height=\"438\" src=\"https:\/\/laeradigital.tech\/wp-content\/uploads\/2024\/08\/La_Era_Digital_Publicacion_y_edicion-1024x575.jpg\" class=\"attachment-large size-large wp-image-7614\" alt=\"Una estanter\u00eda con las p\u00e1ginas que parecen un ojo.\" srcset=\"https:\/\/laeradigital.tech\/wp-content\/uploads\/2024\/08\/La_Era_Digital_Publicacion_y_edicion-1024x575.jpg 1024w, https:\/\/laeradigital.tech\/wp-content\/uploads\/2024\/08\/La_Era_Digital_Publicacion_y_edicion-300x169.jpg 300w, https:\/\/laeradigital.tech\/wp-content\/uploads\/2024\/08\/La_Era_Digital_Publicacion_y_edicion-1250x700.jpg 1250w, https:\/\/laeradigital.tech\/wp-content\/uploads\/2024\/08\/La_Era_Digital_Publicacion_y_edicion-600x337.jpg 600w, https:\/\/laeradigital.tech\/wp-content\/uploads\/2024\/08\/La_Era_Digital_Publicacion_y_edicion-18x10.jpg 18w, https:\/\/laeradigital.tech\/wp-content\/uploads\/2024\/08\/La_Era_Digital_Publicacion_y_edicion.jpg 1280w\" sizes=\"(max-width: 780px) 100vw, 780px\" \/>\t\t\t\t\t\t\t\t\t\t\t\t\t\t\t<\/div>\n\t\t\t\t<\/div>\n\t\t\t\t\t<\/div>\n\t\t\t\t<\/div>\n\t\t<div class=\"elementor-element elementor-element-b6ba0f9 e-flex e-con-boxed e-con e-parent\" data-id=\"b6ba0f9\" data-element_type=\"container\" data-e-type=\"container\">\n\t\t\t\t\t<div class=\"e-con-inner\">\n\t\t\t\t<div class=\"elementor-element elementor-element-07814bb elementor-widget elementor-widget-text-editor\" data-id=\"07814bb\" data-element_type=\"widget\" data-e-type=\"widget\" data-widget_type=\"text-editor.default\">\n\t\t\t\t<div class=\"elementor-widget-container\">\n\t\t\t\t\t\t\t\t\t<p><strong>Edici\u00f3n y publicaci\u00f3n a medida.<\/strong> Trabajamos contigo para dar forma a tu visi\u00f3n y convertir tu libro en una realidad. Ofrecemos servicios personalizados para satisfacer tus necesidades.\u00a0<strong style=\"text-align: var(--text-align); color: var(--color-font);\">De manuscrito a librer\u00eda.<\/strong><span style=\"text-align: var(--text-align); color: var(--color-font);\"> Nuestro proceso integral abarca la edici\u00f3n,<\/span><span style=\"text-align: var(--text-align); color: var(--color-font);\"> dise\u00f1o,<\/span><span style=\"text-align: var(--text-align); color: var(--color-font);\"> maquetaci\u00f3n,<\/span><span style=\"text-align: var(--text-align); color: var(--color-font);\"> impresi\u00f3n y distribuci\u00f3n de tu libro<\/span><\/p>\t\t\t\t\t\t\t\t<\/div>\n\t\t\t\t<\/div>\n\t\t\t\t\t<\/div>\n\t\t\t\t<\/div>\n\t\t<div class=\"elementor-element elementor-element-e19aee8 e-flex e-con-boxed e-con e-parent\" data-id=\"e19aee8\" data-element_type=\"container\" data-e-type=\"container\">\n\t\t\t\t\t<div class=\"e-con-inner\">\n\t\t\t\t<div class=\"elementor-element elementor-element-fe00317 elementor-widget elementor-widget-button\" data-id=\"fe00317\" data-element_type=\"widget\" data-e-type=\"widget\" data-widget_type=\"button.default\">\n\t\t\t\t<div class=\"elementor-widget-container\">\n\t\t\t\t\t\t\t\t\t<div class=\"elementor-button-wrapper\">\n\t\t\t\t\t<a class=\"elementor-button elementor-button-link elementor-size-sm\" href=\"https:\/\/laeradigital.tech\/en\/product\/edicion-y-publicacion\/\">\n\t\t\t\t\t\t<span class=\"elementor-button-content-wrapper\">\n\t\t\t\t\t\t\t\t\t<span class=\"elementor-button-text\">Request quote<\/span>\n\t\t\t\t\t<\/span>\n\t\t\t\t\t<\/a>\n\t\t\t\t<\/div>\n\t\t\t\t\t\t\t\t<\/div>\n\t\t\t\t<\/div>\n\t\t\t\t\t<\/div>\n\t\t\t\t<\/div>\n\t\t\t\t<\/div>","protected":false},"excerpt":{"rendered":"<p>Edici\u00f3n y publicaci\u00f3n Transformamos tus manuscritos en obras publicadas de calidad. Desde la correcci\u00f3n de estilo hasta la distribuci\u00f3n, ofrecemos un servicio completo. Nuestro equipo de profesionales te acompa\u00f1ar\u00e1 en cada etapa del proceso, desde la correcci\u00f3n de estilo y la maquetaci\u00f3n hasta la impresi\u00f3n y distribuci\u00f3n. Ofrecemos un servicio personalizado y adaptado a tus&hellip; <a class=\"continue\" href=\"https:\/\/laeradigital.tech\/en\/edicion-y-publicacion\/\">Continue Reading<span> Editing and Publication<\/span><\/a><\/p>","protected":false},"author":1,"featured_media":0,"parent":0,"menu_order":0,"comment_status":"closed","ping_status":"closed","template":"","meta":{"inline_featured_image":false,"footnotes":""},"class_list":["post-7131","page","type-page","status-publish","hentry"],"_links":{"self":[{"href":"https:\/\/laeradigital.tech\/en\/wp-json\/wp\/v2\/pages\/7131","targetHints":{"allow":["GET"]}}],"collection":[{"href":"https:\/\/laeradigital.tech\/en\/wp-json\/wp\/v2\/pages"}],"about":[{"href":"https:\/\/laeradigital.tech\/en\/wp-json\/wp\/v2\/types\/page"}],"author":[{"embeddable":true,"href":"https:\/\/laeradigital.tech\/en\/wp-json\/wp\/v2\/users\/1"}],"replies":[{"embeddable":true,"href":"https:\/\/laeradigital.tech\/en\/wp-json\/wp\/v2\/comments?post=7131"}],"version-history":[{"count":10,"href":"https:\/\/laeradigital.tech\/en\/wp-json\/wp\/v2\/pages\/7131\/revisions"}],"predecessor-version":[{"id":7620,"href":"https:\/\/laeradigital.tech\/en\/wp-json\/wp\/v2\/pages\/7131\/revisions\/7620"}],"wp:attachment":[{"href":"https:\/\/laeradigital.tech\/en\/wp-json\/wp\/v2\/media?parent=7131"}],"curies":[{"name":"wp","href":"https:\/\/api.w.org\/{rel}","templated":true}]}}