{"id":7125,"date":"2024-07-25T14:24:09","date_gmt":"2024-07-25T14:24:09","guid":{"rendered":"https:\/\/laeradigital.tech\/?page_id=7125"},"modified":"2024-08-08T15:49:26","modified_gmt":"2024-08-08T15:49:26","slug":"soluciones-tecnologicas","status":"publish","type":"page","link":"https:\/\/laeradigital.tech\/en\/soluciones-tecnologicas\/","title":{"rendered":"Technology Solutions"},"content":{"rendered":"<div data-elementor-type=\"wp-page\" data-elementor-id=\"7125\" class=\"elementor elementor-7125\">\n\t\t\t\t<div class=\"elementor-element elementor-element-665436a e-flex e-con-boxed e-con e-parent\" data-id=\"665436a\" data-element_type=\"container\" data-e-type=\"container\">\n\t\t\t\t\t<div class=\"e-con-inner\">\n\t\t\t\t<div class=\"elementor-element elementor-element-96157fb elementor-widget elementor-widget-text-editor\" data-id=\"96157fb\" data-element_type=\"widget\" data-e-type=\"widget\" data-widget_type=\"text-editor.default\">\n\t\t\t\t<div class=\"elementor-widget-container\">\n\t\t\t\t\t\t\t\t\t<p>Ofrecemos una gama completa de servicios tecnol\u00f3gicos, desde el desarrollo web responsivo y la creaci\u00f3n de aplicaciones m\u00f3viles hasta la implementaci\u00f3n de soluciones de inteligencia artificial. Todos nuestros productos cumplen con los est\u00e1ndares de accesibilidad web m\u00e1s recientes (WCAG 2.1 y 2.2 A<\/p>\t\t\t\t\t\t\t\t<\/div>\n\t\t\t\t<\/div>\n\t\t\t\t<div class=\"elementor-element elementor-element-e8b453c elementor-widget-divider--view-line elementor-widget elementor-widget-divider\" data-id=\"e8b453c\" data-element_type=\"widget\" data-e-type=\"widget\" data-widget_type=\"divider.default\">\n\t\t\t\t<div class=\"elementor-widget-container\">\n\t\t\t\t\t\t\t<div class=\"elementor-divider\">\n\t\t\t<span class=\"elementor-divider-separator\">\n\t\t\t\t\t\t<\/span>\n\t\t<\/div>\n\t\t\t\t\t\t<\/div>\n\t\t\t\t<\/div>\n\t\t\t\t<div class=\"elementor-element elementor-element-ddb9ffd elementor-widget elementor-widget-text-editor\" data-id=\"ddb9ffd\" data-element_type=\"widget\" data-e-type=\"widget\" data-widget_type=\"text-editor.default\">\n\t\t\t\t<div class=\"elementor-widget-container\">\n\t\t\t\t\t\t\t\t\t<p><strong>Servicios de Tecnolog\u00eda<\/strong>:<\/p><ul><li style=\"list-style-type: none;\"><ul><li><a href=\"https:\/\/laeradigital.tech\/en\/diseno-web\/\">Dise\u00f1o Web: Dise\u00f1ar y desarrollar sitios web responsivos.<\/a><\/li><li><a href=\"https:\/\/laeradigital.tech\/en\/desarrollo-de-aplicaciones\/\">Desarrollo de Apps: Creaci\u00f3n de aplicaciones m\u00f3viles para iOS y Android.<\/a><\/li><li><a href=\"https:\/\/laeradigital.tech\/en\/integracion-de-la-ia\/\">Integraci\u00f3n de IA: implementar soluciones de IA para mejorar las operaciones comerciales.<\/a><\/li><li><a href=\"https:\/\/laeradigital.tech\/en\/certificacion-wcag-2-1-y-2-2-aa\/\">WCAG 2.1 and 2.2 AA<\/a><\/li><li><a href=\"https:\/\/laeradigital.tech\/en\/edicion-y-publicacion\/\">Editing and Publication<\/a><\/li><\/ul><\/li><\/ul>\t\t\t\t\t\t\t\t<\/div>\n\t\t\t\t<\/div>\n\t\t\t\t\t<\/div>\n\t\t\t\t<\/div>\n\t\t\t\t<\/div>","protected":false},"excerpt":{"rendered":"<p>Ofrecemos una gama completa de servicios tecnol\u00f3gicos, desde el desarrollo web responsivo y la creaci\u00f3n de aplicaciones m\u00f3viles hasta la implementaci\u00f3n de soluciones de inteligencia artificial. Todos nuestros productos cumplen con los est\u00e1ndares de accesibilidad web m\u00e1s recientes (WCAG 2.1 y 2.2 A Servicios de Tecnolog\u00eda: Dise\u00f1o Web: Dise\u00f1ar y desarrollar sitios web responsivos. Desarrollo&hellip; <a class=\"continue\" href=\"https:\/\/laeradigital.tech\/en\/soluciones-tecnologicas\/\">Continue Reading<span> Technology Solutions<\/span><\/a><\/p>","protected":false},"author":1,"featured_media":0,"parent":0,"menu_order":0,"comment_status":"closed","ping_status":"closed","template":"","meta":{"inline_featured_image":false,"footnotes":""},"class_list":["post-7125","page","type-page","status-publish","hentry"],"_links":{"self":[{"href":"https:\/\/laeradigital.tech\/en\/wp-json\/wp\/v2\/pages\/7125","targetHints":{"allow":["GET"]}}],"collection":[{"href":"https:\/\/laeradigital.tech\/en\/wp-json\/wp\/v2\/pages"}],"about":[{"href":"https:\/\/laeradigital.tech\/en\/wp-json\/wp\/v2\/types\/page"}],"author":[{"embeddable":true,"href":"https:\/\/laeradigital.tech\/en\/wp-json\/wp\/v2\/users\/1"}],"replies":[{"embeddable":true,"href":"https:\/\/laeradigital.tech\/en\/wp-json\/wp\/v2\/comments?post=7125"}],"version-history":[{"count":36,"href":"https:\/\/laeradigital.tech\/en\/wp-json\/wp\/v2\/pages\/7125\/revisions"}],"predecessor-version":[{"id":7648,"href":"https:\/\/laeradigital.tech\/en\/wp-json\/wp\/v2\/pages\/7125\/revisions\/7648"}],"wp:attachment":[{"href":"https:\/\/laeradigital.tech\/en\/wp-json\/wp\/v2\/media?parent=7125"}],"curies":[{"name":"wp","href":"https:\/\/api.w.org\/{rel}","templated":true}]}}