{"id":7123,"date":"2024-07-25T14:23:15","date_gmt":"2024-07-25T14:23:15","guid":{"rendered":"https:\/\/laeradigital.tech\/?page_id=7123"},"modified":"2024-08-02T17:57:12","modified_gmt":"2024-08-02T17:57:12","slug":"traducciones","status":"publish","type":"page","link":"https:\/\/laeradigital.tech\/en\/traducciones\/","title":{"rendered":"Translations"},"content":{"rendered":"<div data-elementor-type=\"wp-page\" data-elementor-id=\"7123\" class=\"elementor elementor-7123\">\n\t\t\t\t<div class=\"elementor-element elementor-element-088e68e e-flex e-con-boxed e-con e-parent\" data-id=\"088e68e\" data-element_type=\"container\" data-e-type=\"container\">\n\t\t\t\t\t<div class=\"e-con-inner\">\n\t\t\t\t<div class=\"elementor-element elementor-element-020123e elementor-widget elementor-widget-heading\" data-id=\"020123e\" data-element_type=\"widget\" data-e-type=\"widget\" data-widget_type=\"heading.default\">\n\t\t\t\t<div class=\"elementor-widget-container\">\n\t\t\t\t\t<div id=\"ez-toc-container\" class=\"ez-toc-v2_0_69_1 counter-hierarchy ez-toc-counter ez-toc-grey ez-toc-container-direction\">\n<div class=\"ez-toc-title-container\">\n<p class=\"ez-toc-title\" style=\"cursor:inherit\">Table of Contents<\/p>\n<span class=\"ez-toc-title-toggle\"><a href=\"#\" class=\"ez-toc-pull-right ez-toc-btn ez-toc-btn-xs ez-toc-btn-default ez-toc-toggle\" aria-label=\"Toggle Table of Content\"><span class=\"ez-toc-js-icon-con\"><span class=\"\"><span class=\"eztoc-hide\" style=\"display:none;\">Toggle<\/span><span class=\"ez-toc-icon-toggle-span\"><svg style=\"fill: #999;color:#999\" xmlns=\"http:\/\/www.w3.org\/2000\/svg\" class=\"list-377408\" width=\"20px\" height=\"20px\" viewbox=\"0 0 24 24\" fill=\"none\"><path d=\"M6 6H4v2h2V6zm14 0H8v2h12V6zM4 11h2v2H4v-2zm16 0H8v2h12v-2zM4 16h2v2H4v-2zm16 0H8v2h12v-2z\" fill=\"currentColor\"><\/path><\/svg><svg style=\"fill: #999;color:#999\" class=\"arrow-unsorted-368013\" xmlns=\"http:\/\/www.w3.org\/2000\/svg\" width=\"10px\" height=\"10px\" viewbox=\"0 0 24 24\" version=\"1.2\" baseprofile=\"tiny\"><path d=\"M18.2 9.3l-6.2-6.3-6.2 6.3c-.2.2-.3.4-.3.7s.1.5.3.7c.2.2.4.3.7.3h11c.3 0 .5-.1.7-.3.2-.2.3-.5.3-.7s-.1-.5-.3-.7zM5.8 14.7l6.2 6.3 6.2-6.3c.2-.2.3-.5.3-.7s-.1-.5-.3-.7c-.2-.2-.4-.3-.7-.3h-11c-.3 0-.5.1-.7.3-.2.2-.3.5-.3.7s.1.5.3.7z\"\/><\/svg><\/span><\/span><\/span><\/a><\/span><\/div>\n<nav><ul class='ez-toc-list ez-toc-list-level-1' ><li class='ez-toc-page-1 ez-toc-heading-level-1'><a class=\"ez-toc-link ez-toc-heading-1\" href=\"https:\/\/laeradigital.tech\/en\/traducciones\/#Traducciones\" title=\"Translations\">Translations<\/a><ul class='ez-toc-list-level-2' ><li class='ez-toc-heading-level-2'><a class=\"ez-toc-link ez-toc-heading-2\" href=\"https:\/\/laeradigital.tech\/en\/traducciones\/#Tipos_de_documentos\" title=\"Tipos de documentos\">Tipos de documentos<\/a><\/li><\/ul><\/li><\/ul><\/nav><\/div>\n<h1 class=\"elementor-heading-title elementor-size-default\"><span class=\"ez-toc-section\" id=\"Traducciones\"><\/span>Translations<br><span class=\"ez-toc-section-end\"><\/span><\/h1>\t\t\t\t<\/div>\n\t\t\t\t<\/div>\n\t\t\t\t<div class=\"elementor-element elementor-element-7f55dfe elementor-widget elementor-widget-text-editor\" data-id=\"7f55dfe\" data-element_type=\"widget\" data-e-type=\"widget\" data-widget_type=\"text-editor.default\">\n\t\t\t\t<div class=\"elementor-widget-container\">\n\t\t\t\t\t\t\t\t\t<p>Nuestros servicios de traducci\u00f3n garantizan la m\u00e1xima calidad, adhiri\u00e9ndonos a las normas ISO m\u00e1s exigentes. Empleamos t\u00e9cnicas de traducci\u00f3n innovadoras y din\u00e1micas para asegurar la precisi\u00f3n y coherencia de cada proyecto. Desde traducciones certificadas bajo la norma ISO 17100 hasta la postedici\u00f3n de resultados de traducci\u00f3n autom\u00e1tica conforme a la ISO 18587, nuestros procesos, respaldados por la certificaci\u00f3n ISO 9001, garantizan una gesti\u00f3n de calidad rigurosa en cada etapa<\/p>\t\t\t\t\t\t\t\t<\/div>\n\t\t\t\t<\/div>\n\t\t\t\t<div class=\"elementor-element elementor-element-f1485e6 elementor-widget elementor-widget-image\" data-id=\"f1485e6\" data-element_type=\"widget\" data-e-type=\"widget\" data-widget_type=\"image.default\">\n\t\t\t\t<div class=\"elementor-widget-container\">\n\t\t\t\t\t\t\t\t\t\t\t\t\t\t\t<img fetchpriority=\"high\" decoding=\"async\" width=\"768\" height=\"307\" src=\"https:\/\/laeradigital.tech\/wp-content\/uploads\/2024\/08\/La_Era_Digital_traducciones.jpg\" class=\"attachment-medium_large size-medium_large wp-image-7519\" alt=\"Imagen que representa los servicios de traducci\u00f3n, mostrando la palabra &#039;traducir&#039; en m\u00faltiples idiomas\" srcset=\"https:\/\/laeradigital.tech\/wp-content\/uploads\/2024\/08\/La_Era_Digital_traducciones.jpg 1280w, https:\/\/laeradigital.tech\/wp-content\/uploads\/2024\/08\/La_Era_Digital_traducciones-300x120.jpg 300w, https:\/\/laeradigital.tech\/wp-content\/uploads\/2024\/08\/La_Era_Digital_traducciones-1024x410.jpg 1024w, https:\/\/laeradigital.tech\/wp-content\/uploads\/2024\/08\/La_Era_Digital_traducciones-600x240.jpg 600w, https:\/\/laeradigital.tech\/wp-content\/uploads\/2024\/08\/La_Era_Digital_traducciones-18x7.jpg 18w\" sizes=\"(max-width: 768px) 100vw, 768px\" \/>\t\t\t\t\t\t\t\t\t\t\t\t\t\t\t<\/div>\n\t\t\t\t<\/div>\n\t\t\t\t\t<\/div>\n\t\t\t\t<\/div>\n\t\t<div class=\"elementor-element elementor-element-fb63ec3 e-flex e-con-boxed e-con e-parent\" data-id=\"fb63ec3\" data-element_type=\"container\" data-e-type=\"container\">\n\t\t\t\t\t<div class=\"e-con-inner\">\n\t\t\t\t<div class=\"elementor-element elementor-element-0b23c8b elementor-widget elementor-widget-heading\" data-id=\"0b23c8b\" data-element_type=\"widget\" data-e-type=\"widget\" data-widget_type=\"heading.default\">\n\t\t\t\t<div class=\"elementor-widget-container\">\n\t\t\t\t\t<h2 class=\"elementor-heading-title elementor-size-default\"><span class=\"ez-toc-section\" id=\"Tipos_de_documentos\"><\/span>Tipos de documentos<span class=\"ez-toc-section-end\"><\/span><\/h2>\t\t\t\t<\/div>\n\t\t\t\t<\/div>\n\t\t\t\t\t<\/div>\n\t\t\t\t<\/div>\n\t\t<div class=\"elementor-element elementor-element-0551e84 e-flex e-con-boxed e-con e-parent\" data-id=\"0551e84\" data-element_type=\"container\" data-e-type=\"container\">\n\t\t\t\t\t<div class=\"e-con-inner\">\n\t\t\t\t<div class=\"elementor-element elementor-element-85dd43b elementor-widget elementor-widget-text-editor\" data-id=\"85dd43b\" data-element_type=\"widget\" data-e-type=\"widget\" data-widget_type=\"text-editor.default\">\n\t\t\t\t<div class=\"elementor-widget-container\">\n\t\t\t\t\t\t\t\t\t<ol><li><strong>Materiales de Marketing<\/strong>:<\/li><\/ol><p>\u00a0\u00a0 &#8211; Folletos<\/p><p>\u00a0\u00a0 &#8211; Presentaciones<\/p><p>\u00a0\u00a0 &#8211; Cat\u00e1logos de productos<\/p><p>\u00a0\u00a0 &#8211; Sitios web y contenido digital<\/p><ol start=\"2\"><li><strong>Documentaci\u00f3n T\u00e9cnica<\/strong>:<\/li><\/ol><p>\u00a0\u00a0 &#8211; Manuales de usuario<\/p><p>\u00a0\u00a0 &#8211; Gu\u00edas de instalaci\u00f3n<\/p><p>\u00a0\u00a0 &#8211; Manuales de mantenimiento<\/p><p>\u00a0\u00a0 &#8211; Especificaciones t\u00e9cnicas<\/p><ol start=\"3\"><li><strong>Contenidos Educativos<\/strong>:<\/li><\/ol><p>\u00a0\u00a0 &#8211; Libros<\/p><p>\u00a0\u00a0 &#8211; Gu\u00edas de estudio<\/p><p>\u00a0\u00a0 &#8211; Presentaciones de cursos<\/p><p>\u00a0\u00a0 &#8211; Art\u00edculos acad\u00e9micos (sin requisitos legales)<\/p><ol start=\"4\"><li><strong>Comunicaci\u00f3n Corporativa<\/strong>:<\/li><\/ol><p>\u00a0\u00a0 &#8211; Correos electr\u00f3nicos internos<\/p><p>\u00a0\u00a0 &#8211; Boletines informativos<\/p><p>\u00a0\u00a0 &#8211; Pol\u00edticas y procedimientos internos<\/p><p>\u00a0\u00a0 &#8211; Informes de rendimiento<\/p><ol start=\"5\"><li><strong>Recursos Humanos<\/strong>:<\/li><\/ol><p>\u00a0\u00a0 &#8211; Manuales del empleado<\/p><p>\u00a0\u00a0 &#8211; Materiales de capacitaci\u00f3n<\/p><p>\u00a0\u00a0 &#8211; Descripciones de trabajo<\/p><p>\u00a0\u00a0 &#8211; Comunicaciones de pol\u00edticas de la empresa<\/p><ol start=\"6\"><li><strong>Documentaci\u00f3n de Proyecto<\/strong>:<\/li><\/ol><p>\u00a0\u00a0 &#8211; Informes de progreso<\/p><p>\u00a0\u00a0 &#8211; Planes de proyecto<\/p><p>\u00a0\u00a0 &#8211; Documentaci\u00f3n de investigaci\u00f3n<\/p><p>\u00a0\u00a0 &#8211; Res\u00famenes ejecutivos<\/p><ol start=\"7\"><li><strong>Contenido de Blogs y Redes Sociales<\/strong>:<\/li><\/ol><p>\u00a0\u00a0 &#8211; Publicaciones en blogs<\/p><p>\u00a0\u00a0 &#8211; Actualizaciones de redes sociales<\/p><p>\u00a0\u00a0 &#8211; Art\u00edculos de opini\u00f3n<\/p><p>\u00a0\u00a0 &#8211; Contenido multimedia (subt\u00edtulos, descripciones)<\/p><ol start=\"8\"><li><strong>Documentaci\u00f3n de Productos<\/strong>:<\/li><\/ol><p>\u00a0\u00a0 &#8211; Descripciones de productos<\/p><p>\u00a0\u00a0 &#8211; Fichas t\u00e9cnicas<\/p><p>\u00a0\u00a0 &#8211; Rese\u00f1as y testimonios de clientes<\/p><p>\u00a0\u00a0 &#8211; Instrucciones de uso<\/p><ol start=\"9\"><li><strong>Materiales de Capacitaci\u00f3n y Desarrollo<\/strong>:<\/li><\/ol><p>\u00a0\u00a0 &#8211; M\u00f3dulos de e-learning<\/p><p>\u00a0\u00a0 &#8211; Presentaciones de seminarios web<\/p><p>\u00a0\u00a0 &#8211; Materiales de talleres y cursos<\/p><p>\u00a0\u00a0 &#8211; Cuestionarios y evaluaciones<\/p><ol start=\"10\"><li><strong>Contenidos Creativo<\/strong>s:<\/li><\/ol><p>\u00a0\u00a0\u00a0 &#8211; Guiones para videos<\/p><p>\u00a0\u00a0\u00a0 &#8211; Contenidos para podcasts<\/p><p>\u00a0\u00a0\u00a0 &#8211; Narrativas y cuentos<\/p><p>\u00a0\u00a0\u00a0 &#8211; Materiales de dise\u00f1o gr\u00e1fico<\/p>\t\t\t\t\t\t\t\t<\/div>\n\t\t\t\t<\/div>\n\t\t\t\t\t<\/div>\n\t\t\t\t<\/div>\n\t\t<div class=\"elementor-element elementor-element-515383e e-flex e-con-boxed e-con e-parent\" data-id=\"515383e\" data-element_type=\"container\" data-e-type=\"container\">\n\t\t\t\t\t<div class=\"e-con-inner\">\n\t\t\t\t<div class=\"elementor-element elementor-element-23d6ce8 elementor-widget elementor-widget-button\" data-id=\"23d6ce8\" data-element_type=\"widget\" data-e-type=\"widget\" data-widget_type=\"button.default\">\n\t\t\t\t<div class=\"elementor-widget-container\">\n\t\t\t\t\t\t\t\t\t<div class=\"elementor-button-wrapper\">\n\t\t\t\t\t<a class=\"elementor-button elementor-button-link elementor-size-sm\" href=\"https:\/\/laeradigital.tech\/en\/product\/traduccion\/\">\n\t\t\t\t\t\t<span class=\"elementor-button-content-wrapper\">\n\t\t\t\t\t\t\t\t\t<span class=\"elementor-button-text\">Request quote<\/span>\n\t\t\t\t\t<\/span>\n\t\t\t\t\t<\/a>\n\t\t\t\t<\/div>\n\t\t\t\t\t\t\t\t<\/div>\n\t\t\t\t<\/div>\n\t\t\t\t\t<\/div>\n\t\t\t\t<\/div>\n\t\t\t\t<\/div>","protected":false},"excerpt":{"rendered":"<p>Traducciones Nuestros servicios de traducci\u00f3n garantizan la m\u00e1xima calidad, adhiri\u00e9ndonos a las normas ISO m\u00e1s exigentes. Empleamos t\u00e9cnicas de traducci\u00f3n innovadoras y din\u00e1micas para asegurar la precisi\u00f3n y coherencia de cada proyecto. Desde traducciones certificadas bajo la norma ISO 17100 hasta la postedici\u00f3n de resultados de traducci\u00f3n autom\u00e1tica conforme a la ISO 18587, nuestros procesos,&hellip; <a class=\"continue\" href=\"https:\/\/laeradigital.tech\/en\/traducciones\/\">Continue Reading<span> Translations<\/span><\/a><\/p>","protected":false},"author":1,"featured_media":0,"parent":0,"menu_order":0,"comment_status":"closed","ping_status":"closed","template":"","meta":{"inline_featured_image":false,"footnotes":""},"class_list":["post-7123","page","type-page","status-publish","hentry"],"_links":{"self":[{"href":"https:\/\/laeradigital.tech\/en\/wp-json\/wp\/v2\/pages\/7123","targetHints":{"allow":["GET"]}}],"collection":[{"href":"https:\/\/laeradigital.tech\/en\/wp-json\/wp\/v2\/pages"}],"about":[{"href":"https:\/\/laeradigital.tech\/en\/wp-json\/wp\/v2\/types\/page"}],"author":[{"embeddable":true,"href":"https:\/\/laeradigital.tech\/en\/wp-json\/wp\/v2\/users\/1"}],"replies":[{"embeddable":true,"href":"https:\/\/laeradigital.tech\/en\/wp-json\/wp\/v2\/comments?post=7123"}],"version-history":[{"count":108,"href":"https:\/\/laeradigital.tech\/en\/wp-json\/wp\/v2\/pages\/7123\/revisions"}],"predecessor-version":[{"id":7551,"href":"https:\/\/laeradigital.tech\/en\/wp-json\/wp\/v2\/pages\/7123\/revisions\/7551"}],"wp:attachment":[{"href":"https:\/\/laeradigital.tech\/en\/wp-json\/wp\/v2\/media?parent=7123"}],"curies":[{"name":"wp","href":"https:\/\/api.w.org\/{rel}","templated":true}]}}